{"id":3902,"date":"2020-11-13T13:30:28","date_gmt":"2020-11-13T13:30:28","guid":{"rendered":"https:\/\/b9p7q4m.myraidbox.de\/?page_id=3902"},"modified":"2020-11-13T13:31:42","modified_gmt":"2020-11-13T13:31:42","slug":"steviagum","status":"publish","type":"page","link":"https:\/\/www.lemonpharma.com\/it\/steviagum\/","title":{"rendered":"Steviagum"},"content":{"rendered":"\t\t<div data-elementor-type=\"wp-page\" data-elementor-id=\"3902\" class=\"elementor elementor-3902 elementor-382\" data-elementor-post-type=\"page\">\n\t\t\t\t\t\t<section class=\"elementor-section elementor-top-section elementor-element elementor-element-c3095ab elementor-section-height-min-height elementor-reverse-mobile elementor-section-boxed elementor-section-height-default elementor-section-items-middle\" data-id=\"c3095ab\" data-element_type=\"section\" data-settings=\"{&quot;background_background&quot;:&quot;classic&quot;}\">\n\t\t\t\t\t\t<div class=\"elementor-container elementor-column-gap-default\">\n\t\t\t\t\t<div class=\"elementor-column elementor-col-33 elementor-top-column elementor-element elementor-element-df058cc\" data-id=\"df058cc\" data-element_type=\"column\">\n\t\t\t<div class=\"elementor-widget-wrap elementor-element-populated\">\n\t\t\t\t\t\t<div class=\"elementor-element elementor-element-1156e61 elementor-widget elementor-widget-heading\" data-id=\"1156e61\" data-element_type=\"widget\" data-widget_type=\"heading.default\">\n\t\t\t\t<div class=\"elementor-widget-container\">\n\t\t\t<style>\/*! elementor - v3.19.0 - 28-02-2024 *\/\n.elementor-heading-title{padding:0;margin:0;line-height:1}.elementor-widget-heading .elementor-heading-title[class*=elementor-size-]>a{color:inherit;font-size:inherit;line-height:inherit}.elementor-widget-heading .elementor-heading-title.elementor-size-small{font-size:15px}.elementor-widget-heading .elementor-heading-title.elementor-size-medium{font-size:19px}.elementor-widget-heading .elementor-heading-title.elementor-size-large{font-size:29px}.elementor-widget-heading .elementor-heading-title.elementor-size-xl{font-size:39px}.elementor-widget-heading .elementor-heading-title.elementor-size-xxl{font-size:59px}<\/style><h2 class=\"elementor-heading-title elementor-size-default\">STEVIA<\/h2>\t\t<\/div>\n\t\t\t\t<\/div>\n\t\t\t\t<div class=\"elementor-element elementor-element-2144f7d elementor-widget elementor-widget-heading\" data-id=\"2144f7d\" data-element_type=\"widget\" data-widget_type=\"heading.default\">\n\t\t\t\t<div class=\"elementor-widget-container\">\n\t\t\t<h2 class=\"elementor-heading-title elementor-size-default\">PROMOZIONE DELLA PROTEZIONE DEI DENTI CON MEZZI NATURALI<\/h2>\t\t<\/div>\n\t\t\t\t<\/div>\n\t\t\t\t\t<\/div>\n\t\t<\/div>\n\t\t\t\t<div class=\"elementor-column elementor-col-33 elementor-top-column elementor-element elementor-element-2a9c223\" data-id=\"2a9c223\" data-element_type=\"column\">\n\t\t\t<div class=\"elementor-widget-wrap elementor-element-populated\">\n\t\t\t\t\t\t<div class=\"elementor-element elementor-element-e99fee1 elementor-widget elementor-widget-image\" data-id=\"e99fee1\" data-element_type=\"widget\" data-widget_type=\"image.default\">\n\t\t\t\t<div class=\"elementor-widget-container\">\n\t\t\t<style>\/*! elementor - v3.19.0 - 28-02-2024 *\/\n.elementor-widget-image{text-align:center}.elementor-widget-image a{display:inline-block}.elementor-widget-image a img[src$=\".svg\"]{width:48px}.elementor-widget-image img{vertical-align:middle;display:inline-block}<\/style>\t\t\t\t\t\t\t\t\t\t<img decoding=\"async\" width=\"250\" height=\"90\" src=\"https:\/\/www.lemonpharma.com\/wp-content\/uploads\/2020\/11\/steviagum2.png\" class=\"attachment-large size-large wp-image-720\" alt=\"\">\t\t\t\t\t\t\t\t\t\t\t\t\t<\/div>\n\t\t\t\t<\/div>\n\t\t\t\t\t<\/div>\n\t\t<\/div>\n\t\t\t\t<div class=\"elementor-column elementor-col-33 elementor-top-column elementor-element elementor-element-9ec5cd9\" data-id=\"9ec5cd9\" data-element_type=\"column\">\n\t\t\t<div class=\"elementor-widget-wrap\">\n\t\t\t\t\t\t\t<\/div>\n\t\t<\/div>\n\t\t\t\t\t<\/div>\n\t\t<\/section>\n\t\t\t\t<section class=\"elementor-section elementor-top-section elementor-element elementor-element-72e80d1d elementor-section-boxed elementor-section-height-default elementor-section-height-default\" data-id=\"72e80d1d\" data-element_type=\"section\" data-settings=\"{&quot;background_background&quot;:&quot;classic&quot;,&quot;sticky&quot;:&quot;top&quot;,&quot;sticky_on&quot;:[&quot;desktop&quot;],&quot;sticky_offset&quot;:0,&quot;sticky_effects_offset&quot;:0}\">\n\t\t\t\t\t\t<div class=\"elementor-container elementor-column-gap-default\">\n\t\t\t\t\t<div class=\"elementor-column elementor-col-100 elementor-top-column elementor-element elementor-element-7cdb9ebf\" data-id=\"7cdb9ebf\" data-element_type=\"column\">\n\t\t\t<div class=\"elementor-widget-wrap elementor-element-populated\">\n\t\t\t\t\t\t<div class=\"elementor-element elementor-element-671e3872 elementor-widget elementor-widget-template\" data-id=\"671e3872\" data-element_type=\"widget\" data-widget_type=\"template.default\">\n\t\t\t\t<div class=\"elementor-widget-container\">\n\t\t\t\t\t<div class=\"elementor-template\">\n\t\t\t\t\t<div data-elementor-type=\"section\" data-elementor-id=\"3928\" class=\"elementor elementor-3928 elementor-1000\" data-elementor-post-type=\"elementor_library\">\n\t\t\t\t\t<section class=\"elementor-section elementor-top-section elementor-element elementor-element-24be9f65 elementor-section-boxed elementor-section-height-default elementor-section-height-default\" data-id=\"24be9f65\" data-element_type=\"section\" data-settings=\"{&quot;background_background&quot;:&quot;classic&quot;,&quot;sticky&quot;:&quot;top&quot;,&quot;sticky_on&quot;:[&quot;desktop&quot;],&quot;sticky_offset&quot;:0,&quot;sticky_effects_offset&quot;:0}\">\n\t\t\t\t\t\t<div class=\"elementor-container elementor-column-gap-default\">\n\t\t\t\t\t<div class=\"elementor-column elementor-col-16 elementor-top-column elementor-element elementor-element-2cb70a93\" data-id=\"2cb70a93\" data-element_type=\"column\">\n\t\t\t<div class=\"elementor-widget-wrap elementor-element-populated\">\n\t\t\t\t\t\t<div class=\"elementor-element elementor-element-71df9ed6 elementor-widget elementor-widget-image\" data-id=\"71df9ed6\" data-element_type=\"widget\" data-widget_type=\"image.default\">\n\t\t\t\t<div class=\"elementor-widget-container\">\n\t\t\t\t\t\t\t\t\t\t\t\t\t\t<a href=\"https:\/\/www.lemonpharma.com\/it\/\">\n\t\t\t\t\t\t\t<img fetchpriority=\"high\" decoding=\"async\" width=\"250\" height=\"250\" src=\"https:\/\/www.lemonpharma.com\/wp-content\/uploads\/2020\/11\/lp_logo_home.png\" class=\"elementor-animation-grow attachment-large size-large wp-image-668\" alt=\"\" srcset=\"https:\/\/www.lemonpharma.com\/wp-content\/uploads\/2020\/11\/lp_logo_home.png 250w, https:\/\/www.lemonpharma.com\/wp-content\/uploads\/2020\/11\/lp_logo_home-150x150.png 150w\" sizes=\"(max-width: 250px) 100vw, 250px\">\t\t\t\t\t\t\t\t<\/a>\n\t\t\t\t\t\t\t\t\t\t\t\t\t<\/div>\n\t\t\t\t<\/div>\n\t\t\t\t\t<\/div>\n\t\t<\/div>\n\t\t\t\t<div class=\"elementor-column elementor-col-16 elementor-top-column elementor-element elementor-element-3bffe04e\" data-id=\"3bffe04e\" data-element_type=\"column\">\n\t\t\t<div class=\"elementor-widget-wrap elementor-element-populated\">\n\t\t\t\t\t\t<div class=\"elementor-element elementor-element-156fdba6 elementor-widget elementor-widget-image\" data-id=\"156fdba6\" data-element_type=\"widget\" data-widget_type=\"image.default\">\n\t\t\t\t<div class=\"elementor-widget-container\">\n\t\t\t\t\t\t\t\t\t\t\t\t\t\t<a href=\"https:\/\/www.lemonpharma.com\/it\/fiori-di-bach\/\">\n\t\t\t\t\t\t\t<img decoding=\"async\" width=\"500\" height=\"222\" src=\"https:\/\/www.lemonpharma.com\/wp-content\/uploads\/2020\/11\/BBlueten_Logo_Aufl03_IT_RZ.png\" class=\"elementor-animation-grow attachment-large size-large wp-image-2940\" alt=\"\" srcset=\"https:\/\/www.lemonpharma.com\/wp-content\/uploads\/2020\/11\/BBlueten_Logo_Aufl03_IT_RZ.png 500w, https:\/\/www.lemonpharma.com\/wp-content\/uploads\/2020\/11\/BBlueten_Logo_Aufl03_IT_RZ-300x133.png 300w\" sizes=\"(max-width: 500px) 100vw, 500px\">\t\t\t\t\t\t\t\t<\/a>\n\t\t\t\t\t\t\t\t\t\t\t\t\t<\/div>\n\t\t\t\t<\/div>\n\t\t\t\t\t<\/div>\n\t\t<\/div>\n\t\t\t\t<div class=\"elementor-column elementor-col-16 elementor-top-column elementor-element elementor-element-18c37848\" data-id=\"18c37848\" data-element_type=\"column\">\n\t\t\t<div class=\"elementor-widget-wrap elementor-element-populated\">\n\t\t\t\t\t\t<div class=\"elementor-element elementor-element-29ba5317 elementor-widget elementor-widget-image\" data-id=\"29ba5317\" data-element_type=\"widget\" data-widget_type=\"image.default\">\n\t\t\t\t<div class=\"elementor-widget-container\">\n\t\t\t\t\t\t\t\t\t\t\t\t\t\t<a href=\"https:\/\/www.lemonpharma.com\/it\/ginjer\/\">\n\t\t\t\t\t\t\t<img loading=\"lazy\" decoding=\"async\" width=\"250\" height=\"90\" src=\"https:\/\/www.lemonpharma.com\/wp-content\/uploads\/2020\/11\/ginjer2.png\" class=\"elementor-animation-grow attachment-large size-large wp-image-658\" alt=\"\">\t\t\t\t\t\t\t\t<\/a>\n\t\t\t\t\t\t\t\t\t\t\t\t\t<\/div>\n\t\t\t\t<\/div>\n\t\t\t\t\t<\/div>\n\t\t<\/div>\n\t\t\t\t<div class=\"elementor-column elementor-col-16 elementor-top-column elementor-element elementor-element-7932e405\" data-id=\"7932e405\" data-element_type=\"column\">\n\t\t\t<div class=\"elementor-widget-wrap elementor-element-populated\">\n\t\t\t\t\t\t<div class=\"elementor-element elementor-element-37fac7e5 elementor-widget elementor-widget-image\" data-id=\"37fac7e5\" data-element_type=\"widget\" data-widget_type=\"image.default\">\n\t\t\t\t<div class=\"elementor-widget-container\">\n\t\t\t\t\t\t\t\t\t\t\t\t\t\t<a href=\"https:\/\/www.lemonpharma.com\/it\/apropolis\/\">\n\t\t\t\t\t\t\t<img loading=\"lazy\" decoding=\"async\" width=\"250\" height=\"90\" src=\"https:\/\/www.lemonpharma.com\/wp-content\/uploads\/2020\/11\/apropolis2.png\" class=\"elementor-animation-grow attachment-large size-large wp-image-700\" alt=\"\">\t\t\t\t\t\t\t\t<\/a>\n\t\t\t\t\t\t\t\t\t\t\t\t\t<\/div>\n\t\t\t\t<\/div>\n\t\t\t\t\t<\/div>\n\t\t<\/div>\n\t\t\t\t<div class=\"elementor-column elementor-col-16 elementor-top-column elementor-element elementor-element-3cd766e3\" data-id=\"3cd766e3\" data-element_type=\"column\">\n\t\t\t<div class=\"elementor-widget-wrap elementor-element-populated\">\n\t\t\t\t\t\t<div class=\"elementor-element elementor-element-5b21b665 elementor-widget elementor-widget-image\" data-id=\"5b21b665\" data-element_type=\"widget\" data-widget_type=\"image.default\">\n\t\t\t\t<div class=\"elementor-widget-container\">\n\t\t\t\t\t\t\t\t\t\t\t\t\t\t<a href=\"https:\/\/www.lemonpharma.com\/it\/cumacure\/\">\n\t\t\t\t\t\t\t<img decoding=\"async\" src=\"https:\/\/www.lemonpharma.com\/wp-content\/uploads\/2020\/11\/LEM_Cumacure_Logo_R_RZ-1.png\" title=\"\" alt=\"\" class=\"elementor-animation-grow\" loading=\"lazy\">\t\t\t\t\t\t\t\t<\/a>\n\t\t\t\t\t\t\t\t\t\t\t\t\t<\/div>\n\t\t\t\t<\/div>\n\t\t\t\t\t<\/div>\n\t\t<\/div>\n\t\t\t\t<div class=\"elementor-column elementor-col-16 elementor-top-column elementor-element elementor-element-456fdc02\" data-id=\"456fdc02\" data-element_type=\"column\">\n\t\t\t<div class=\"elementor-widget-wrap elementor-element-populated\">\n\t\t\t\t\t\t<div class=\"elementor-element elementor-element-6413d5d4 elementor-widget elementor-widget-image\" data-id=\"6413d5d4\" data-element_type=\"widget\" data-widget_type=\"image.default\">\n\t\t\t\t<div class=\"elementor-widget-container\">\n\t\t\t\t\t\t\t\t\t\t\t\t\t\t<a href=\"https:\/\/www.lemonpharma.com\/it\/steviagum\/\">\n\t\t\t\t\t\t\t<img loading=\"lazy\" decoding=\"async\" width=\"250\" height=\"90\" src=\"https:\/\/www.lemonpharma.com\/wp-content\/uploads\/2020\/11\/steviagum2.png\" class=\"elementor-animation-grow attachment-large size-large wp-image-720\" alt=\"\">\t\t\t\t\t\t\t\t<\/a>\n\t\t\t\t\t\t\t\t\t\t\t\t\t<\/div>\n\t\t\t\t<\/div>\n\t\t\t\t\t<\/div>\n\t\t<\/div>\n\t\t\t\t\t<\/div>\n\t\t<\/section>\n\t\t\t\t<\/div>\n\t\t\t\t<\/div>\n\t\t\t\t<\/div>\n\t\t\t\t<\/div>\n\t\t\t\t\t<\/div>\n\t\t<\/div>\n\t\t\t\t\t<\/div>\n\t\t<\/section>\n\t\t\t\t<section class=\"elementor-section elementor-top-section elementor-element elementor-element-78332e4b elementor-section-boxed elementor-section-height-default elementor-section-height-default\" data-id=\"78332e4b\" data-element_type=\"section\" data-settings=\"{&quot;background_background&quot;:&quot;classic&quot;}\">\n\t\t\t\t\t\t<div class=\"elementor-container elementor-column-gap-default\">\n\t\t\t\t\t<div class=\"elementor-column elementor-col-100 elementor-top-column elementor-element elementor-element-53d78eff\" data-id=\"53d78eff\" data-element_type=\"column\" data-settings=\"{&quot;background_background&quot;:&quot;classic&quot;}\">\n\t\t\t<div class=\"elementor-widget-wrap elementor-element-populated\">\n\t\t\t\t\t\t<div class=\"elementor-element elementor-element-86a5eb3 elementor-widget elementor-widget-image\" data-id=\"86a5eb3\" data-element_type=\"widget\" data-widget_type=\"image.default\">\n\t\t\t\t<div class=\"elementor-widget-container\">\n\t\t\t\t\t\t\t\t\t\t\t\t\t<img decoding=\"async\" width=\"250\" height=\"90\" src=\"https:\/\/www.lemonpharma.com\/wp-content\/uploads\/2020\/11\/steviagum2.png\" class=\"attachment-large size-large wp-image-720\" alt=\"\">\t\t\t\t\t\t\t\t\t\t\t\t\t<\/div>\n\t\t\t\t<\/div>\n\t\t\t\t<div class=\"elementor-element elementor-element-7a0f6c5 elementor-widget elementor-widget-image\" data-id=\"7a0f6c5\" data-element_type=\"widget\" data-widget_type=\"image.default\">\n\t\t\t\t<div class=\"elementor-widget-container\">\n\t\t\t\t\t\t\t\t\t\t\t\t\t<img loading=\"lazy\" decoding=\"async\" width=\"768\" height=\"347\" src=\"https:\/\/www.lemonpharma.com\/wp-content\/uploads\/2020\/11\/Steviagum_Gruppe_02_frontal_DE_FR-768x347-1.jpg\" class=\"attachment-large size-large wp-image-1482\" alt=\"\" srcset=\"https:\/\/www.lemonpharma.com\/wp-content\/uploads\/2020\/11\/Steviagum_Gruppe_02_frontal_DE_FR-768x347-1.jpg 768w, https:\/\/www.lemonpharma.com\/wp-content\/uploads\/2020\/11\/Steviagum_Gruppe_02_frontal_DE_FR-768x347-1-300x136.jpg 300w\" sizes=\"(max-width: 768px) 100vw, 768px\">\t\t\t\t\t\t\t\t\t\t\t\t\t<\/div>\n\t\t\t\t<\/div>\n\t\t\t\t<div class=\"elementor-element elementor-element-759ad81f elementor-widget elementor-widget-heading\" data-id=\"759ad81f\" data-element_type=\"widget\" data-widget_type=\"heading.default\">\n\t\t\t\t<div class=\"elementor-widget-container\">\n\t\t\t<h2 class=\"elementor-heading-title elementor-size-default\">CURA E PROTEZIONE CON STEVIAGUM<\/h2>\t\t<\/div>\n\t\t\t\t<\/div>\n\t\t\t\t<div class=\"elementor-element elementor-element-34e1a694 elementor-widget elementor-widget-text-editor\" data-id=\"34e1a694\" data-element_type=\"widget\" data-widget_type=\"text-editor.default\">\n\t\t\t\t<div class=\"elementor-widget-container\">\n\t\t\t<style>\/*! elementor - v3.19.0 - 28-02-2024 *\/\n.elementor-widget-text-editor.elementor-drop-cap-view-stacked .elementor-drop-cap{background-color:#69727d;color:#fff}.elementor-widget-text-editor.elementor-drop-cap-view-framed .elementor-drop-cap{color:#69727d;border:3px solid;background-color:transparent}.elementor-widget-text-editor:not(.elementor-drop-cap-view-default) .elementor-drop-cap{margin-top:8px}.elementor-widget-text-editor:not(.elementor-drop-cap-view-default) .elementor-drop-cap-letter{width:1em;height:1em}.elementor-widget-text-editor .elementor-drop-cap{float:left;text-align:center;line-height:1;font-size:50px}.elementor-widget-text-editor .elementor-drop-cap-letter{display:inline-block}<\/style>\t\t\t\t<p>Con Steviagum Lemon Pharma distribuisce una gomma da masticare per la cura dentale per una sana igiene tra i pasti.<\/p><p>In tutto il mondo sempre pi\u00f9 persone si interessano ad uno stile di vita sano a base di prodotti naturali. Rientra in questo sviluppo anche la stevia, un sostituto vegetale dello zucchero, che si trova attualmente in sempre pi\u00f9 prodotti e riduce l\u2019apporto di zucchero.<\/p><p>La stevia viene impiegata gi\u00e0 da secoli in Sudamerica e Asia per dolcificare gli alimenti. Le foglie della pianta di stevia sono esponenzialmente pi\u00f9 dolci dello zucchero. A differenza dello zucchero la stevia non genera carie ed \u00e8 priva di calorie. Per questo motivo la stevia \u00e8 adatta ad un\u2019alimentazione sana e ad esempio per i diabetici.<\/p><p>Lemon Pharma ha sviluppato una gomma da masticare in cui non soltanto lo zucchero \u00e8 sostituito dalla stevia, ma in cui viene impiegato in aggiunta anche lo xilitolo. Lo xilitolo ha un effetto antibatterico ed \u00e8 ideale come integrazione per la cura dentale.<\/p><p>Le gomme da masticare per la cura dentale Steviagum di Lemon Pharma sono disponibili per diversi gruppi target, requisiti di cura dentale e in gusti piacevoli.<\/p>\t\t\t\t\t\t<\/div>\n\t\t\t\t<\/div>\n\t\t\t\t<section class=\"elementor-section elementor-inner-section elementor-element elementor-element-17104f9 elementor-section-boxed elementor-section-height-default elementor-section-height-default\" data-id=\"17104f9\" data-element_type=\"section\" data-settings=\"{&quot;background_background&quot;:&quot;classic&quot;}\">\n\t\t\t\t\t\t<div class=\"elementor-container elementor-column-gap-default\">\n\t\t\t\t\t<div class=\"elementor-column elementor-col-33 elementor-inner-column elementor-element elementor-element-92f5d20\" data-id=\"92f5d20\" data-element_type=\"column\">\n\t\t\t<div class=\"elementor-widget-wrap elementor-element-populated\">\n\t\t\t\t\t\t<div class=\"elementor-element elementor-element-b0cea86 elementor-view-default elementor-widget elementor-widget-icon\" data-id=\"b0cea86\" data-element_type=\"widget\" data-widget_type=\"icon.default\">\n\t\t\t\t<div class=\"elementor-widget-container\">\n\t\t\t\t\t<div class=\"elementor-icon-wrapper\">\n\t\t\t<div class=\"elementor-icon\">\n\t\t\t<i aria-hidden=\"true\" class=\"fas fa-share-square\"><\/i>\t\t\t<\/div>\n\t\t<\/div>\n\t\t\t\t<\/div>\n\t\t\t\t<\/div>\n\t\t\t\t\t<\/div>\n\t\t<\/div>\n\t\t\t\t<div class=\"elementor-column elementor-col-33 elementor-inner-column elementor-element elementor-element-5bb3eef\" data-id=\"5bb3eef\" data-element_type=\"column\">\n\t\t\t<div class=\"elementor-widget-wrap elementor-element-populated\">\n\t\t\t\t\t\t<div class=\"elementor-element elementor-element-f84d702 elementor-widget elementor-widget-heading\" data-id=\"f84d702\" data-element_type=\"widget\" data-widget_type=\"heading.default\">\n\t\t\t\t<div class=\"elementor-widget-container\">\n\t\t\t<h2 class=\"elementor-heading-title elementor-size-default\">SITO INTERNET DEL PRODOTTO<\/h2>\t\t<\/div>\n\t\t\t\t<\/div>\n\t\t\t\t<div class=\"elementor-element elementor-element-f23ea2a elementor-widget elementor-widget-text-editor\" data-id=\"f23ea2a\" data-element_type=\"widget\" data-widget_type=\"text-editor.default\">\n\t\t\t\t<div class=\"elementor-widget-container\">\n\t\t\t\t\t\t\t<p>Visitate il nostro sito internet sul prodotto con tutte le informazioni relative a questa linea di prodotti.<\/p>\t\t\t\t\t\t<\/div>\n\t\t\t\t<\/div>\n\t\t\t\t\t<\/div>\n\t\t<\/div>\n\t\t\t\t<div class=\"elementor-column elementor-col-33 elementor-inner-column elementor-element elementor-element-a0e48d5\" data-id=\"a0e48d5\" data-element_type=\"column\">\n\t\t\t<div class=\"elementor-widget-wrap elementor-element-populated\">\n\t\t\t\t\t\t<div class=\"elementor-element elementor-element-1dd7cc9 elementor-align-justify elementor-widget elementor-widget-button\" data-id=\"1dd7cc9\" data-element_type=\"widget\" data-widget_type=\"button.default\">\n\t\t\t\t<div class=\"elementor-widget-container\">\n\t\t\t\t\t<div class=\"elementor-button-wrapper\">\n\t\t\t<a class=\"elementor-button elementor-button-link elementor-size-sm\" href=\"http:\/\/www.steviagum.com\/\" target=\"_blank\" rel=\"noopener\">\n\t\t\t\t\t\t<span class=\"elementor-button-content-wrapper\">\n\t\t\t\t\t\t<span class=\"elementor-button-text\">www.steviagum.com<\/span>\n\t\t<\/span>\n\t\t\t\t\t<\/a>\n\t\t<\/div>\n\t\t\t\t<\/div>\n\t\t\t\t<\/div>\n\t\t\t\t\t<\/div>\n\t\t<\/div>\n\t\t\t\t\t<\/div>\n\t\t<\/section>\n\t\t\t\t<div class=\"elementor-element elementor-element-d47b66a elementor-widget elementor-widget-text-editor\" data-id=\"d47b66a\" data-element_type=\"widget\" data-widget_type=\"text-editor.default\">\n\t\t\t\t<div class=\"elementor-widget-container\">\n\t\t\t\t\t\t\t<p>Tenete presente che passando alla pagina dei prodotti Steviagum abbandonerete il sito internet di Lemon Pharma Deutschland GmbH &amp; Co. KG.<\/p>\t\t\t\t\t\t<\/div>\n\t\t\t\t<\/div>\n\t\t\t\t\t<\/div>\n\t\t<\/div>\n\t\t\t\t\t<\/div>\n\t\t<\/section>\n\t\t\t\t<\/div>\n\t\t","protected":false},"excerpt":{"rendered":"<p>STEVIA PROMOZIONE DELLA PROTEZIONE DEI DENTI CON MEZZI NATURALI CURA E PROTEZIONE CON STEVIAGUM Con Steviagum Lemon Pharma distribuisce una gomma da masticare per la cura dentale per una sana igiene tra i pasti. In tutto il mondo sempre pi\u00f9 persone si interessano ad uno stile di vita sano a base di prodotti naturali. Rientra [&hellip;]<\/p>\n","protected":false},"author":2,"featured_media":0,"parent":0,"menu_order":6,"comment_status":"closed","ping_status":"closed","template":"","meta":{"footnotes":""},"class_list":["post-3902","page","type-page","status-publish","hentry"],"_links":{"self":[{"href":"https:\/\/www.lemonpharma.com\/it\/wp-json\/wp\/v2\/pages\/3902","targetHints":{"allow":["GET"]}}],"collection":[{"href":"https:\/\/www.lemonpharma.com\/it\/wp-json\/wp\/v2\/pages"}],"about":[{"href":"https:\/\/www.lemonpharma.com\/it\/wp-json\/wp\/v2\/types\/page"}],"author":[{"embeddable":true,"href":"https:\/\/www.lemonpharma.com\/it\/wp-json\/wp\/v2\/users\/2"}],"replies":[{"embeddable":true,"href":"https:\/\/www.lemonpharma.com\/it\/wp-json\/wp\/v2\/comments?post=3902"}],"version-history":[{"count":4,"href":"https:\/\/www.lemonpharma.com\/it\/wp-json\/wp\/v2\/pages\/3902\/revisions"}],"predecessor-version":[{"id":3910,"href":"https:\/\/www.lemonpharma.com\/it\/wp-json\/wp\/v2\/pages\/3902\/revisions\/3910"}],"wp:attachment":[{"href":"https:\/\/www.lemonpharma.com\/it\/wp-json\/wp\/v2\/media?parent=3902"}],"curies":[{"name":"wp","href":"https:\/\/api.w.org\/{rel}","templated":true}]}}