{"id":3434,"date":"2020-11-13T12:28:39","date_gmt":"2020-11-13T12:28:39","guid":{"rendered":"https:\/\/b9p7q4m.myraidbox.de\/?page_id=3434"},"modified":"2020-11-13T12:30:22","modified_gmt":"2020-11-13T12:30:22","slug":"apropolis","status":"publish","type":"page","link":"https:\/\/www.lemonpharma.com\/fr\/apropolis\/","title":{"rendered":"Apropolis"},"content":{"rendered":"\t\t<div data-elementor-type=\"wp-page\" data-elementor-id=\"3434\" class=\"elementor elementor-3434 elementor-374\" data-elementor-post-type=\"page\">\n\t\t\t\t\t\t<section class=\"elementor-section elementor-top-section elementor-element elementor-element-2354369 elementor-section-height-min-height elementor-reverse-mobile elementor-section-boxed elementor-section-height-default elementor-section-items-middle\" data-id=\"2354369\" data-element_type=\"section\" data-settings=\"{&quot;background_background&quot;:&quot;classic&quot;}\">\n\t\t\t\t\t\t<div class=\"elementor-container elementor-column-gap-default\">\n\t\t\t\t\t<div class=\"elementor-column elementor-col-33 elementor-top-column elementor-element elementor-element-0b452a0\" data-id=\"0b452a0\" data-element_type=\"column\">\n\t\t\t<div class=\"elementor-widget-wrap elementor-element-populated\">\n\t\t\t\t\t\t<div class=\"elementor-element elementor-element-ee53c18 elementor-widget elementor-widget-heading\" data-id=\"ee53c18\" data-element_type=\"widget\" data-widget_type=\"heading.default\">\n\t\t\t\t<div class=\"elementor-widget-container\">\n\t\t\t<style>\/*! elementor - v3.19.0 - 28-02-2024 *\/\n.elementor-heading-title{padding:0;margin:0;line-height:1}.elementor-widget-heading .elementor-heading-title[class*=elementor-size-]>a{color:inherit;font-size:inherit;line-height:inherit}.elementor-widget-heading .elementor-heading-title.elementor-size-small{font-size:15px}.elementor-widget-heading .elementor-heading-title.elementor-size-medium{font-size:19px}.elementor-widget-heading .elementor-heading-title.elementor-size-large{font-size:29px}.elementor-widget-heading .elementor-heading-title.elementor-size-xl{font-size:39px}.elementor-widget-heading .elementor-heading-title.elementor-size-xxl{font-size:59px}<\/style><h2 class=\"elementor-heading-title elementor-size-default\">PROPOLIS<\/h2>\t\t<\/div>\n\t\t\t\t<\/div>\n\t\t\t\t<div class=\"elementor-element elementor-element-e57d540 elementor-widget elementor-widget-heading\" data-id=\"e57d540\" data-element_type=\"widget\" data-widget_type=\"heading.default\">\n\t\t\t\t<div class=\"elementor-widget-container\">\n\t\t\t<h2 class=\"elementor-heading-title elementor-size-default\">LE MIRACLE\nDES ABEILLES<\/h2>\t\t<\/div>\n\t\t\t\t<\/div>\n\t\t\t\t\t<\/div>\n\t\t<\/div>\n\t\t\t\t<div class=\"elementor-column elementor-col-33 elementor-top-column elementor-element elementor-element-00a2f61\" data-id=\"00a2f61\" data-element_type=\"column\">\n\t\t\t<div class=\"elementor-widget-wrap elementor-element-populated\">\n\t\t\t\t\t\t<div class=\"elementor-element elementor-element-3831276 elementor-widget elementor-widget-image\" data-id=\"3831276\" data-element_type=\"widget\" data-widget_type=\"image.default\">\n\t\t\t\t<div class=\"elementor-widget-container\">\n\t\t\t<style>\/*! elementor - v3.19.0 - 28-02-2024 *\/\n.elementor-widget-image{text-align:center}.elementor-widget-image a{display:inline-block}.elementor-widget-image a img[src$=\".svg\"]{width:48px}.elementor-widget-image img{vertical-align:middle;display:inline-block}<\/style>\t\t\t\t\t\t\t\t\t\t<img fetchpriority=\"high\" decoding=\"async\" width=\"460\" height=\"154\" src=\"https:\/\/www.lemonpharma.com\/wp-content\/uploads\/2020\/11\/lemon-pharma-logo-apropolis.png\" class=\"attachment-large size-large wp-image-1146\" alt=\"\" srcset=\"https:\/\/www.lemonpharma.com\/wp-content\/uploads\/2020\/11\/lemon-pharma-logo-apropolis.png 460w, https:\/\/www.lemonpharma.com\/wp-content\/uploads\/2020\/11\/lemon-pharma-logo-apropolis-300x100.png 300w\" sizes=\"(max-width: 460px) 100vw, 460px\">\t\t\t\t\t\t\t\t\t\t\t\t\t<\/div>\n\t\t\t\t<\/div>\n\t\t\t\t\t<\/div>\n\t\t<\/div>\n\t\t\t\t<div class=\"elementor-column elementor-col-33 elementor-top-column elementor-element elementor-element-efbd092\" data-id=\"efbd092\" data-element_type=\"column\">\n\t\t\t<div class=\"elementor-widget-wrap\">\n\t\t\t\t\t\t\t<\/div>\n\t\t<\/div>\n\t\t\t\t\t<\/div>\n\t\t<\/section>\n\t\t\t\t<section class=\"elementor-section elementor-top-section elementor-element elementor-element-64534df elementor-section-boxed elementor-section-height-default elementor-section-height-default\" data-id=\"64534df\" data-element_type=\"section\" data-settings=\"{&quot;background_background&quot;:&quot;classic&quot;}\">\n\t\t\t\t\t\t<div class=\"elementor-container elementor-column-gap-default\">\n\t\t\t\t\t<div class=\"elementor-column elementor-col-100 elementor-top-column elementor-element elementor-element-712cdbb\" data-id=\"712cdbb\" data-element_type=\"column\">\n\t\t\t<div class=\"elementor-widget-wrap elementor-element-populated\">\n\t\t\t\t\t\t<div class=\"elementor-element elementor-element-28558a7 elementor-widget elementor-widget-template\" data-id=\"28558a7\" data-element_type=\"widget\" data-widget_type=\"template.default\">\n\t\t\t\t<div class=\"elementor-widget-container\">\n\t\t\t\t\t<div class=\"elementor-template\">\n\t\t\t\t\t<div data-elementor-type=\"section\" data-elementor-id=\"3178\" class=\"elementor elementor-3178 elementor-1000\" data-elementor-post-type=\"elementor_library\">\n\t\t\t\t\t<section class=\"elementor-section elementor-top-section elementor-element elementor-element-24be9f65 elementor-section-boxed elementor-section-height-default elementor-section-height-default\" data-id=\"24be9f65\" data-element_type=\"section\" data-settings=\"{&quot;background_background&quot;:&quot;classic&quot;,&quot;sticky&quot;:&quot;top&quot;,&quot;sticky_on&quot;:[&quot;desktop&quot;],&quot;sticky_offset&quot;:0,&quot;sticky_effects_offset&quot;:0}\">\n\t\t\t\t\t\t<div class=\"elementor-container elementor-column-gap-default\">\n\t\t\t\t\t<div class=\"elementor-column elementor-col-14 elementor-top-column elementor-element elementor-element-2cb70a93\" data-id=\"2cb70a93\" data-element_type=\"column\">\n\t\t\t<div class=\"elementor-widget-wrap elementor-element-populated\">\n\t\t\t\t\t\t<div class=\"elementor-element elementor-element-71df9ed6 elementor-widget elementor-widget-image\" data-id=\"71df9ed6\" data-element_type=\"widget\" data-widget_type=\"image.default\">\n\t\t\t\t<div class=\"elementor-widget-container\">\n\t\t\t\t\t\t\t\t\t\t\t\t\t\t<a href=\"https:\/\/www.lemonpharma.com\/fr\/\">\n\t\t\t\t\t\t\t<img decoding=\"async\" width=\"250\" height=\"250\" src=\"https:\/\/www.lemonpharma.com\/wp-content\/uploads\/2020\/11\/lp_logo_home.png\" class=\"elementor-animation-grow attachment-large size-large wp-image-668\" alt=\"\" srcset=\"https:\/\/www.lemonpharma.com\/wp-content\/uploads\/2020\/11\/lp_logo_home.png 250w, https:\/\/www.lemonpharma.com\/wp-content\/uploads\/2020\/11\/lp_logo_home-150x150.png 150w\" sizes=\"(max-width: 250px) 100vw, 250px\">\t\t\t\t\t\t\t\t<\/a>\n\t\t\t\t\t\t\t\t\t\t\t\t\t<\/div>\n\t\t\t\t<\/div>\n\t\t\t\t\t<\/div>\n\t\t<\/div>\n\t\t\t\t<div class=\"elementor-column elementor-col-14 elementor-top-column elementor-element elementor-element-3bffe04e\" data-id=\"3bffe04e\" data-element_type=\"column\">\n\t\t\t<div class=\"elementor-widget-wrap elementor-element-populated\">\n\t\t\t\t\t\t<div class=\"elementor-element elementor-element-156fdba6 elementor-widget elementor-widget-image\" data-id=\"156fdba6\" data-element_type=\"widget\" data-widget_type=\"image.default\">\n\t\t\t\t<div class=\"elementor-widget-container\">\n\t\t\t\t\t\t\t\t\t\t\t\t\t\t<a href=\"https:\/\/www.lemonpharma.com\/fr\/fleurs-de-bach\/\">\n\t\t\t\t\t\t\t<img decoding=\"async\" width=\"800\" height=\"256\" src=\"https:\/\/www.lemonpharma.com\/wp-content\/uploads\/2022\/01\/BBlueten_Logo_Melange_FR_RZ-1024x328.png\" class=\"elementor-animation-grow attachment-large size-large wp-image-7509\" alt=\"M\u00e9lange d&#039; E. Bach\" srcset=\"https:\/\/www.lemonpharma.com\/wp-content\/uploads\/2022\/01\/BBlueten_Logo_Melange_FR_RZ-1024x328.png 1024w, https:\/\/www.lemonpharma.com\/wp-content\/uploads\/2022\/01\/BBlueten_Logo_Melange_FR_RZ-300x96.png 300w, https:\/\/www.lemonpharma.com\/wp-content\/uploads\/2022\/01\/BBlueten_Logo_Melange_FR_RZ-768x246.png 768w, https:\/\/www.lemonpharma.com\/wp-content\/uploads\/2022\/01\/BBlueten_Logo_Melange_FR_RZ-1536x492.png 1536w, https:\/\/www.lemonpharma.com\/wp-content\/uploads\/2022\/01\/BBlueten_Logo_Melange_FR_RZ.png 1893w\" sizes=\"(max-width: 800px) 100vw, 800px\" \/>\t\t\t\t\t\t\t\t<\/a>\n\t\t\t\t\t\t\t\t\t\t\t\t\t<\/div>\n\t\t\t\t<\/div>\n\t\t\t\t\t<\/div>\n\t\t<\/div>\n\t\t\t\t<div class=\"elementor-column elementor-col-14 elementor-top-column elementor-element elementor-element-18c37848\" data-id=\"18c37848\" data-element_type=\"column\">\n\t\t\t<div class=\"elementor-widget-wrap elementor-element-populated\">\n\t\t\t\t\t\t<div class=\"elementor-element elementor-element-29ba5317 elementor-widget elementor-widget-image\" data-id=\"29ba5317\" data-element_type=\"widget\" data-widget_type=\"image.default\">\n\t\t\t\t<div class=\"elementor-widget-container\">\n\t\t\t\t\t\t\t\t\t\t\t\t\t\t<a href=\"https:\/\/www.lemonpharma.com\/fr\/ginjer\/\">\n\t\t\t\t\t\t\t<img loading=\"lazy\" decoding=\"async\" width=\"250\" height=\"90\" src=\"https:\/\/www.lemonpharma.com\/wp-content\/uploads\/2020\/11\/ginjer2.png\" class=\"elementor-animation-grow attachment-large size-large wp-image-658\" alt=\"\">\t\t\t\t\t\t\t\t<\/a>\n\t\t\t\t\t\t\t\t\t\t\t\t\t<\/div>\n\t\t\t\t<\/div>\n\t\t\t\t\t<\/div>\n\t\t<\/div>\n\t\t\t\t<div class=\"elementor-column elementor-col-14 elementor-top-column elementor-element elementor-element-951d66e\" data-id=\"951d66e\" data-element_type=\"column\">\n\t\t\t<div class=\"elementor-widget-wrap elementor-element-populated\">\n\t\t\t\t\t\t<div class=\"elementor-element elementor-element-ebdbced elementor-widget elementor-widget-image\" data-id=\"ebdbced\" data-element_type=\"widget\" data-widget_type=\"image.default\">\n\t\t\t\t<div class=\"elementor-widget-container\">\n\t\t\t\t\t\t\t\t\t\t\t\t\t\t<a href=\"https:\/\/www.lemonpharma.com\/fr\/seavitamin\/\">\n\t\t\t\t\t\t\t<img loading=\"lazy\" decoding=\"async\" width=\"800\" height=\"400\" src=\"https:\/\/www.lemonpharma.com\/wp-content\/uploads\/2021\/08\/Logo_Seavitamin_schwarz-1024x512.png\" class=\"elementor-animation-grow attachment-large size-large wp-image-6730\" alt=\"\" srcset=\"https:\/\/www.lemonpharma.com\/wp-content\/uploads\/2021\/08\/Logo_Seavitamin_schwarz-1024x512.png 1024w, https:\/\/www.lemonpharma.com\/wp-content\/uploads\/2021\/08\/Logo_Seavitamin_schwarz-300x150.png 300w, https:\/\/www.lemonpharma.com\/wp-content\/uploads\/2021\/08\/Logo_Seavitamin_schwarz-768x384.png 768w, https:\/\/www.lemonpharma.com\/wp-content\/uploads\/2021\/08\/Logo_Seavitamin_schwarz-1536x768.png 1536w, https:\/\/www.lemonpharma.com\/wp-content\/uploads\/2021\/08\/Logo_Seavitamin_schwarz.png 1890w\" sizes=\"(max-width: 800px) 100vw, 800px\">\t\t\t\t\t\t\t\t<\/a>\n\t\t\t\t\t\t\t\t\t\t\t\t\t<\/div>\n\t\t\t\t<\/div>\n\t\t\t\t\t<\/div>\n\t\t<\/div>\n\t\t\t\t<div class=\"elementor-column elementor-col-14 elementor-top-column elementor-element elementor-element-7932e405\" data-id=\"7932e405\" data-element_type=\"column\">\n\t\t\t<div class=\"elementor-widget-wrap elementor-element-populated\">\n\t\t\t\t\t\t<div class=\"elementor-element elementor-element-37fac7e5 elementor-widget elementor-widget-image\" data-id=\"37fac7e5\" data-element_type=\"widget\" data-widget_type=\"image.default\">\n\t\t\t\t<div class=\"elementor-widget-container\">\n\t\t\t\t\t\t\t\t\t\t\t\t\t\t<a href=\"https:\/\/www.lemonpharma.com\/fr\/apropolis\/\">\n\t\t\t\t\t\t\t<img loading=\"lazy\" decoding=\"async\" width=\"250\" height=\"90\" src=\"https:\/\/www.lemonpharma.com\/wp-content\/uploads\/2020\/11\/apropolis2.png\" class=\"elementor-animation-grow attachment-large size-large wp-image-700\" alt=\"\">\t\t\t\t\t\t\t\t<\/a>\n\t\t\t\t\t\t\t\t\t\t\t\t\t<\/div>\n\t\t\t\t<\/div>\n\t\t\t\t\t<\/div>\n\t\t<\/div>\n\t\t\t\t<div class=\"elementor-column elementor-col-14 elementor-top-column elementor-element elementor-element-3cd766e3\" data-id=\"3cd766e3\" data-element_type=\"column\">\n\t\t\t<div class=\"elementor-widget-wrap elementor-element-populated\">\n\t\t\t\t\t\t<div class=\"elementor-element elementor-element-5b21b665 elementor-widget elementor-widget-image\" data-id=\"5b21b665\" data-element_type=\"widget\" data-widget_type=\"image.default\">\n\t\t\t\t<div class=\"elementor-widget-container\">\n\t\t\t\t\t\t\t\t\t\t\t\t\t\t<a href=\"https:\/\/www.lemonpharma.com\/fr\/cumacure\/\">\n\t\t\t\t\t\t\t<img decoding=\"async\" src=\"https:\/\/www.lemonpharma.com\/wp-content\/uploads\/2020\/11\/LEM_Cumacure_Logo_R_RZ-1.png\" title=\"\" alt=\"\" class=\"elementor-animation-grow\" loading=\"lazy\">\t\t\t\t\t\t\t\t<\/a>\n\t\t\t\t\t\t\t\t\t\t\t\t\t<\/div>\n\t\t\t\t<\/div>\n\t\t\t\t\t<\/div>\n\t\t<\/div>\n\t\t\t\t<div class=\"elementor-column elementor-col-14 elementor-top-column elementor-element elementor-element-456fdc02\" data-id=\"456fdc02\" data-element_type=\"column\">\n\t\t\t<div class=\"elementor-widget-wrap elementor-element-populated\">\n\t\t\t\t\t\t<div class=\"elementor-element elementor-element-6413d5d4 elementor-widget elementor-widget-image\" data-id=\"6413d5d4\" data-element_type=\"widget\" data-widget_type=\"image.default\">\n\t\t\t\t<div class=\"elementor-widget-container\">\n\t\t\t\t\t\t\t\t\t\t\t\t\t\t<a href=\"https:\/\/www.lemonpharma.com\/fr\/steviagum\/\">\n\t\t\t\t\t\t\t<img loading=\"lazy\" decoding=\"async\" width=\"250\" height=\"90\" src=\"https:\/\/www.lemonpharma.com\/wp-content\/uploads\/2020\/11\/steviagum2.png\" class=\"elementor-animation-grow attachment-large size-large wp-image-720\" alt=\"\">\t\t\t\t\t\t\t\t<\/a>\n\t\t\t\t\t\t\t\t\t\t\t\t\t<\/div>\n\t\t\t\t<\/div>\n\t\t\t\t\t<\/div>\n\t\t<\/div>\n\t\t\t\t\t<\/div>\n\t\t<\/section>\n\t\t\t\t<\/div>\n\t\t\t\t<\/div>\n\t\t\t\t<\/div>\n\t\t\t\t<\/div>\n\t\t\t\t\t<\/div>\n\t\t<\/div>\n\t\t\t\t\t<\/div>\n\t\t<\/section>\n\t\t\t\t<section class=\"elementor-section elementor-top-section elementor-element elementor-element-781f877 elementor-section-boxed elementor-section-height-default elementor-section-height-default\" data-id=\"781f877\" data-element_type=\"section\" data-settings=\"{&quot;background_background&quot;:&quot;classic&quot;}\">\n\t\t\t\t\t\t<div class=\"elementor-container elementor-column-gap-default\">\n\t\t\t\t\t<div class=\"elementor-column elementor-col-100 elementor-top-column elementor-element elementor-element-04ed4cf\" data-id=\"04ed4cf\" data-element_type=\"column\" data-settings=\"{&quot;background_background&quot;:&quot;classic&quot;}\">\n\t\t\t<div class=\"elementor-widget-wrap elementor-element-populated\">\n\t\t\t\t\t\t<div class=\"elementor-element elementor-element-fe60050 elementor-widget elementor-widget-image\" data-id=\"fe60050\" data-element_type=\"widget\" data-widget_type=\"image.default\">\n\t\t\t\t<div class=\"elementor-widget-container\">\n\t\t\t\t\t\t\t\t\t\t\t\t\t<img fetchpriority=\"high\" decoding=\"async\" width=\"460\" height=\"154\" src=\"https:\/\/www.lemonpharma.com\/wp-content\/uploads\/2020\/11\/lemon-pharma-logo-apropolis.png\" class=\"attachment-large size-large wp-image-1146\" alt=\"\" srcset=\"https:\/\/www.lemonpharma.com\/wp-content\/uploads\/2020\/11\/lemon-pharma-logo-apropolis.png 460w, https:\/\/www.lemonpharma.com\/wp-content\/uploads\/2020\/11\/lemon-pharma-logo-apropolis-300x100.png 300w\" sizes=\"(max-width: 460px) 100vw, 460px\">\t\t\t\t\t\t\t\t\t\t\t\t\t<\/div>\n\t\t\t\t<\/div>\n\t\t\t\t<div class=\"elementor-element elementor-element-43e2bf7 elementor-widget elementor-widget-image\" data-id=\"43e2bf7\" data-element_type=\"widget\" data-widget_type=\"image.default\">\n\t\t\t\t<div class=\"elementor-widget-container\">\n\t\t\t\t\t\t\t\t\t\t\t\t\t<img loading=\"lazy\" decoding=\"async\" width=\"800\" height=\"435\" src=\"https:\/\/www.lemonpharma.com\/wp-content\/uploads\/2020\/11\/LEM_APP_products-scaled-1024x557.jpg\" class=\"attachment-large size-large wp-image-1156\" alt=\"\" srcset=\"https:\/\/www.lemonpharma.com\/wp-content\/uploads\/2020\/11\/LEM_APP_products-scaled-1024x557.jpg 1024w, https:\/\/www.lemonpharma.com\/wp-content\/uploads\/2020\/11\/LEM_APP_products-scaled-300x163.jpg 300w, https:\/\/www.lemonpharma.com\/wp-content\/uploads\/2020\/11\/LEM_APP_products-scaled-768x418.jpg 768w, https:\/\/www.lemonpharma.com\/wp-content\/uploads\/2020\/11\/LEM_APP_products-scaled-1536x835.jpg 1536w, https:\/\/www.lemonpharma.com\/wp-content\/uploads\/2020\/11\/LEM_APP_products-scaled-2048x1114.jpg 2048w\" sizes=\"(max-width: 800px) 100vw, 800px\">\t\t\t\t\t\t\t\t\t\t\t\t\t<\/div>\n\t\t\t\t<\/div>\n\t\t\t\t<div class=\"elementor-element elementor-element-514da1d elementor-widget elementor-widget-heading\" data-id=\"514da1d\" data-element_type=\"widget\" data-widget_type=\"heading.default\">\n\t\t\t\t<div class=\"elementor-widget-container\">\n\t\t\t<h2 class=\"elementor-heading-title elementor-size-default\">PROPOLIS \u2013 LE MIRACLE DE LA NATURE<\/h2>\t\t<\/div>\n\t\t\t\t<\/div>\n\t\t\t\t<section class=\"elementor-section elementor-inner-section elementor-element elementor-element-e3a7fb7 elementor-section-boxed elementor-section-height-default elementor-section-height-default\" data-id=\"e3a7fb7\" data-element_type=\"section\">\n\t\t\t\t\t\t<div class=\"elementor-container elementor-column-gap-default\">\n\t\t\t\t\t<div class=\"elementor-column elementor-col-100 elementor-inner-column elementor-element elementor-element-83a1c8b\" data-id=\"83a1c8b\" data-element_type=\"column\">\n\t\t\t<div class=\"elementor-widget-wrap elementor-element-populated\">\n\t\t\t\t\t\t<div class=\"elementor-element elementor-element-aca7577 elementor-widget elementor-widget-text-editor\" data-id=\"aca7577\" data-element_type=\"widget\" data-widget_type=\"text-editor.default\">\n\t\t\t\t<div class=\"elementor-widget-container\">\n\t\t\t<style>\/*! elementor - v3.19.0 - 28-02-2024 *\/\n.elementor-widget-text-editor.elementor-drop-cap-view-stacked .elementor-drop-cap{background-color:#69727d;color:#fff}.elementor-widget-text-editor.elementor-drop-cap-view-framed .elementor-drop-cap{color:#69727d;border:3px solid;background-color:transparent}.elementor-widget-text-editor:not(.elementor-drop-cap-view-default) .elementor-drop-cap{margin-top:8px}.elementor-widget-text-editor:not(.elementor-drop-cap-view-default) .elementor-drop-cap-letter{width:1em;height:1em}.elementor-widget-text-editor .elementor-drop-cap{float:left;text-align:center;line-height:1;font-size:50px}.elementor-widget-text-editor .elementor-drop-cap-letter{display:inline-block}<\/style>\t\t\t\t<p>Les produits de propolis de Lemon Pharma sont vendus avec succ\u00e8s depuis des nombreuses ann\u00e9es en pharmacie et magasin bio.<\/p><p>La mati\u00e8re premi\u00e8re de la propolis est r\u00e9colt\u00e9e par les abeilles sur les bourgeons et les arbres avant d\u2019\u00eatre enrichie. La substance naturelle, aux multiples facettes \u00e9tonnantes, leur sert de mortier pour colmater les ruches. Elles assurent ainsi de mani\u00e8re unique la survie des colonies. Bien avant que la science moderne ne le prouve, les hommes connaissaient d\u00e9j\u00e0 l\u2019action particuli\u00e8re de la \u00abr\u00e9sine d\u2018abeille\u00bb. Pour les Grecs de l\u2019Antiquit\u00e9 ou les Incas, la propolis \u00e9tait une substance importante pour renforcer et prendre soin du corps. En effet, la propolis contient entre autres de nombreux min\u00e9raux et vitamines essentiels.<\/p><p>Les connaissances, rassembl\u00e9es et affin\u00e9es au cours des si\u00e8cles, sur cette substance naturelle hautement efficace forment la base d\u2019APROPOLIS \u2013 une nouvelle gamme innovante de produits que Lemon Pharma a d\u00e9velopp\u00e9e pour le march\u00e9 de la sant\u00e9.<\/p><p><span style=\"color: var( --e-global-color-text ); font-family: var( --e-global-typography-text-font-family ), Sans-serif; font-weight: var( --e-global-typography-text-font-weight ); font-size: 1rem;\">Cette gamme de produits offre une s\u00e9l\u00e9ction affin\u00e9e de propolis. Elle est disponible en plusieurs saveurs, combinaisons et formes diff\u00e9rentes.<\/span><\/p>\t\t\t\t\t\t<\/div>\n\t\t\t\t<\/div>\n\t\t\t\t\t<\/div>\n\t\t<\/div>\n\t\t\t\t\t<\/div>\n\t\t<\/section>\n\t\t\t\t\t<\/div>\n\t\t<\/div>\n\t\t\t\t\t<\/div>\n\t\t<\/section>\n\t\t\t\t<section class=\"elementor-section elementor-top-section elementor-element elementor-element-95df1ae elementor-section-boxed elementor-section-height-default elementor-section-height-default\" data-id=\"95df1ae\" data-element_type=\"section\" data-settings=\"{&quot;background_background&quot;:&quot;classic&quot;}\">\n\t\t\t\t\t\t<div class=\"elementor-container elementor-column-gap-default\">\n\t\t\t\t\t<div class=\"elementor-column elementor-col-100 elementor-top-column elementor-element elementor-element-1ed0c96\" data-id=\"1ed0c96\" data-element_type=\"column\" data-settings=\"{&quot;background_background&quot;:&quot;classic&quot;}\">\n\t\t\t<div class=\"elementor-widget-wrap elementor-element-populated\">\n\t\t\t\t\t\t<section class=\"elementor-section elementor-inner-section elementor-element elementor-element-a0028ae elementor-section-boxed elementor-section-height-default elementor-section-height-default\" data-id=\"a0028ae\" data-element_type=\"section\" data-settings=\"{&quot;background_background&quot;:&quot;classic&quot;}\">\n\t\t\t\t\t\t<div class=\"elementor-container elementor-column-gap-default\">\n\t\t\t\t\t<div class=\"elementor-column elementor-col-50 elementor-inner-column elementor-element elementor-element-e13761a\" data-id=\"e13761a\" data-element_type=\"column\">\n\t\t\t<div class=\"elementor-widget-wrap elementor-element-populated\">\n\t\t\t\t\t\t<div class=\"elementor-element elementor-element-b169f9e elementor-view-default elementor-widget elementor-widget-icon\" data-id=\"b169f9e\" data-element_type=\"widget\" data-widget_type=\"icon.default\">\n\t\t\t\t<div class=\"elementor-widget-container\">\n\t\t\t\t\t<div class=\"elementor-icon-wrapper\">\n\t\t\t<div class=\"elementor-icon\">\n\t\t\t<i aria-hidden=\"true\" class=\"fas fa-share-square\"><\/i>\t\t\t<\/div>\n\t\t<\/div>\n\t\t\t\t<\/div>\n\t\t\t\t<\/div>\n\t\t\t\t\t<\/div>\n\t\t<\/div>\n\t\t\t\t<div class=\"elementor-column elementor-col-50 elementor-inner-column elementor-element elementor-element-b79e7bc\" data-id=\"b79e7bc\" data-element_type=\"column\">\n\t\t\t<div class=\"elementor-widget-wrap elementor-element-populated\">\n\t\t\t\t\t\t<div class=\"elementor-element elementor-element-e7c769c elementor-widget elementor-widget-heading\" data-id=\"e7c769c\" data-element_type=\"widget\" data-widget_type=\"heading.default\">\n\t\t\t\t<div class=\"elementor-widget-container\">\n\t\t\t<h2 class=\"elementor-heading-title elementor-size-default\">INFORMATIONS SUPPL\u00c9MENTAIRES<\/h2>\t\t<\/div>\n\t\t\t\t<\/div>\n\t\t\t\t<div class=\"elementor-element elementor-element-4e45723 elementor-widget elementor-widget-text-editor\" data-id=\"4e45723\" data-element_type=\"widget\" data-widget_type=\"text-editor.default\">\n\t\t\t\t<div class=\"elementor-widget-container\">\n\t\t\t\t\t\t\t<p>Si vous souhaitez recevoir plus d\u2019informations \u00e0 propos de nos produits, n\u2019h\u00e9sitez pas \u00e0 nous contacter. Veuillez nous envoyer un mail \u00e0 apropolis@lemonpharma.com ou appelez nous au ++33 (0) 254583308.<\/p>\t\t\t\t\t\t<\/div>\n\t\t\t\t<\/div>\n\t\t\t\t\t<\/div>\n\t\t<\/div>\n\t\t\t\t\t<\/div>\n\t\t<\/section>\n\t\t\t\t\t<\/div>\n\t\t<\/div>\n\t\t\t\t\t<\/div>\n\t\t<\/section>\n\t\t\t\t<\/div>\n\t\t","protected":false},"excerpt":{"rendered":"<p>PROPOLIS LE MIRACLE DES ABEILLES PROPOLIS \u2013 LE MIRACLE DE LA NATURE Les produits de propolis de Lemon Pharma sont vendus avec succ\u00e8s depuis des nombreuses ann\u00e9es en pharmacie et magasin bio. La mati\u00e8re premi\u00e8re de la propolis est r\u00e9colt\u00e9e par les abeilles sur les bourgeons et les arbres avant d\u2019\u00eatre enrichie. La substance naturelle, [&hellip;]<\/p>\n","protected":false},"author":2,"featured_media":0,"parent":0,"menu_order":4,"comment_status":"closed","ping_status":"closed","template":"","meta":{"footnotes":""},"class_list":["post-3434","page","type-page","status-publish","hentry"],"_links":{"self":[{"href":"https:\/\/www.lemonpharma.com\/fr\/wp-json\/wp\/v2\/pages\/3434","targetHints":{"allow":["GET"]}}],"collection":[{"href":"https:\/\/www.lemonpharma.com\/fr\/wp-json\/wp\/v2\/pages"}],"about":[{"href":"https:\/\/www.lemonpharma.com\/fr\/wp-json\/wp\/v2\/types\/page"}],"author":[{"embeddable":true,"href":"https:\/\/www.lemonpharma.com\/fr\/wp-json\/wp\/v2\/users\/2"}],"replies":[{"embeddable":true,"href":"https:\/\/www.lemonpharma.com\/fr\/wp-json\/wp\/v2\/comments?post=3434"}],"version-history":[{"count":4,"href":"https:\/\/www.lemonpharma.com\/fr\/wp-json\/wp\/v2\/pages\/3434\/revisions"}],"predecessor-version":[{"id":3442,"href":"https:\/\/www.lemonpharma.com\/fr\/wp-json\/wp\/v2\/pages\/3434\/revisions\/3442"}],"wp:attachment":[{"href":"https:\/\/www.lemonpharma.com\/fr\/wp-json\/wp\/v2\/media?parent=3434"}],"curies":[{"name":"wp","href":"https:\/\/api.w.org\/{rel}","templated":true}]}}