{"id":4212,"date":"2020-11-13T17:24:37","date_gmt":"2020-11-13T17:24:37","guid":{"rendered":"https:\/\/b9p7q4m.myraidbox.de\/?page_id=4212"},"modified":"2020-11-19T12:47:29","modified_gmt":"2020-11-19T11:47:29","slug":"hypergy","status":"publish","type":"page","link":"https:\/\/www.lemonpharma.com\/es\/hypergy\/","title":{"rendered":"Hypergy"},"content":{"rendered":"\t\t<div data-elementor-type=\"wp-page\" data-elementor-id=\"4212\" class=\"elementor elementor-4212 elementor-386\" data-elementor-post-type=\"page\">\n\t\t\t\t\t\t<section class=\"elementor-section elementor-top-section elementor-element elementor-element-9dc6b59 elementor-section-height-min-height elementor-reverse-mobile elementor-section-boxed elementor-section-height-default elementor-section-items-middle\" data-id=\"9dc6b59\" data-element_type=\"section\" data-settings=\"{&quot;background_background&quot;:&quot;classic&quot;}\">\n\t\t\t\t\t\t<div class=\"elementor-container elementor-column-gap-default\">\n\t\t\t\t\t<div class=\"elementor-column elementor-col-33 elementor-top-column elementor-element elementor-element-54d43ab\" data-id=\"54d43ab\" data-element_type=\"column\">\n\t\t\t<div class=\"elementor-widget-wrap elementor-element-populated\">\n\t\t\t\t\t\t<div class=\"elementor-element elementor-element-dd18fa2 elementor-widget elementor-widget-heading\" data-id=\"dd18fa2\" data-element_type=\"widget\" data-widget_type=\"heading.default\">\n\t\t\t\t<div class=\"elementor-widget-container\">\n\t\t\t<style>\/*! elementor - v3.19.0 - 28-02-2024 *\/\n.elementor-heading-title{padding:0;margin:0;line-height:1}.elementor-widget-heading .elementor-heading-title[class*=elementor-size-]>a{color:inherit;font-size:inherit;line-height:inherit}.elementor-widget-heading .elementor-heading-title.elementor-size-small{font-size:15px}.elementor-widget-heading .elementor-heading-title.elementor-size-medium{font-size:19px}.elementor-widget-heading .elementor-heading-title.elementor-size-large{font-size:29px}.elementor-widget-heading .elementor-heading-title.elementor-size-xl{font-size:39px}.elementor-widget-heading .elementor-heading-title.elementor-size-xxl{font-size:59px}<\/style><h2 class=\"elementor-heading-title elementor-size-default\">CAFE\u00cdNA<\/h2>\t\t<\/div>\n\t\t\t\t<\/div>\n\t\t\t\t<div class=\"elementor-element elementor-element-d1fddeb elementor-widget elementor-widget-heading\" data-id=\"d1fddeb\" data-element_type=\"widget\" data-widget_type=\"heading.default\">\n\t\t\t\t<div class=\"elementor-widget-container\">\n\t\t\t<h2 class=\"elementor-heading-title elementor-size-default\">LA VERDADERA ALTERNATIVA\nA LAS BEBIDAS ENERG\u00c9TICAS.<\/h2>\t\t<\/div>\n\t\t\t\t<\/div>\n\t\t\t\t\t<\/div>\n\t\t<\/div>\n\t\t\t\t<div class=\"elementor-column elementor-col-33 elementor-top-column elementor-element elementor-element-ec46e5c\" data-id=\"ec46e5c\" data-element_type=\"column\">\n\t\t\t<div class=\"elementor-widget-wrap elementor-element-populated\">\n\t\t\t\t\t\t<div class=\"elementor-element elementor-element-fc615af elementor-widget elementor-widget-image\" data-id=\"fc615af\" data-element_type=\"widget\" data-widget_type=\"image.default\">\n\t\t\t\t<div class=\"elementor-widget-container\">\n\t\t\t<style>\/*! elementor - v3.19.0 - 28-02-2024 *\/\n.elementor-widget-image{text-align:center}.elementor-widget-image a{display:inline-block}.elementor-widget-image a img[src$=\".svg\"]{width:48px}.elementor-widget-image img{vertical-align:middle;display:inline-block}<\/style>\t\t\t\t\t\t\t\t\t\t<img fetchpriority=\"high\" decoding=\"async\" width=\"800\" height=\"274\" src=\"https:\/\/www.lemonpharma.com\/wp-content\/uploads\/2020\/11\/enerjetix-1024x351.png\" class=\"attachment-large size-large wp-image-4703\" alt=\"Caffeine Gum Enerjetix Energy Lemon Pharma\" srcset=\"https:\/\/www.lemonpharma.com\/wp-content\/uploads\/2020\/11\/enerjetix-1024x351.png 1024w, https:\/\/www.lemonpharma.com\/wp-content\/uploads\/2020\/11\/enerjetix-300x103.png 300w, https:\/\/www.lemonpharma.com\/wp-content\/uploads\/2020\/11\/enerjetix-768x264.png 768w, https:\/\/www.lemonpharma.com\/wp-content\/uploads\/2020\/11\/enerjetix.png 1285w\" sizes=\"(max-width: 800px) 100vw, 800px\" \/>\t\t\t\t\t\t\t\t\t\t\t\t\t<\/div>\n\t\t\t\t<\/div>\n\t\t\t\t\t<\/div>\n\t\t<\/div>\n\t\t\t\t<div class=\"elementor-column elementor-col-33 elementor-top-column elementor-element elementor-element-93b761a\" data-id=\"93b761a\" data-element_type=\"column\">\n\t\t\t<div class=\"elementor-widget-wrap\">\n\t\t\t\t\t\t\t<\/div>\n\t\t<\/div>\n\t\t\t\t\t<\/div>\n\t\t<\/section>\n\t\t\t\t<section class=\"elementor-section elementor-top-section elementor-element elementor-element-b226086 elementor-section-boxed elementor-section-height-default elementor-section-height-default\" data-id=\"b226086\" data-element_type=\"section\" data-settings=\"{&quot;background_background&quot;:&quot;classic&quot;,&quot;sticky&quot;:&quot;top&quot;,&quot;sticky_on&quot;:[&quot;desktop&quot;],&quot;sticky_offset&quot;:0,&quot;sticky_effects_offset&quot;:0}\">\n\t\t\t\t\t\t<div class=\"elementor-container elementor-column-gap-default\">\n\t\t\t\t\t<div class=\"elementor-column elementor-col-100 elementor-top-column elementor-element elementor-element-51965b6\" data-id=\"51965b6\" data-element_type=\"column\">\n\t\t\t<div class=\"elementor-widget-wrap elementor-element-populated\">\n\t\t\t\t\t\t<div class=\"elementor-element elementor-element-023249c elementor-widget elementor-widget-template\" data-id=\"023249c\" data-element_type=\"widget\" data-widget_type=\"template.default\">\n\t\t\t\t<div class=\"elementor-widget-container\">\n\t\t\t\t\t<div class=\"elementor-template\">\n\t\t\t\t\t<div data-elementor-type=\"section\" data-elementor-id=\"4236\" class=\"elementor elementor-4236 elementor-1000\" data-elementor-post-type=\"elementor_library\">\n\t\t\t\t\t<section class=\"elementor-section elementor-top-section elementor-element elementor-element-24be9f65 elementor-section-boxed elementor-section-height-default elementor-section-height-default\" data-id=\"24be9f65\" data-element_type=\"section\" data-settings=\"{&quot;background_background&quot;:&quot;classic&quot;,&quot;sticky&quot;:&quot;top&quot;,&quot;sticky_on&quot;:[&quot;desktop&quot;],&quot;sticky_offset&quot;:0,&quot;sticky_effects_offset&quot;:0}\">\n\t\t\t\t\t\t<div class=\"elementor-container elementor-column-gap-default\">\n\t\t\t\t\t<div class=\"elementor-column elementor-col-16 elementor-top-column elementor-element elementor-element-2cb70a93\" data-id=\"2cb70a93\" data-element_type=\"column\">\n\t\t\t<div class=\"elementor-widget-wrap elementor-element-populated\">\n\t\t\t\t\t\t<div class=\"elementor-element elementor-element-71df9ed6 elementor-widget elementor-widget-image\" data-id=\"71df9ed6\" data-element_type=\"widget\" data-widget_type=\"image.default\">\n\t\t\t\t<div class=\"elementor-widget-container\">\n\t\t\t\t\t\t\t\t\t\t\t\t\t\t<a href=\"https:\/\/www.lemonpharma.com\/es\">\n\t\t\t\t\t\t\t<img decoding=\"async\" width=\"250\" height=\"250\" src=\"https:\/\/www.lemonpharma.com\/wp-content\/uploads\/2020\/11\/lp_logo_home.png\" class=\"elementor-animation-grow attachment-large size-large wp-image-668\" alt=\"\" srcset=\"https:\/\/www.lemonpharma.com\/wp-content\/uploads\/2020\/11\/lp_logo_home.png 250w, https:\/\/www.lemonpharma.com\/wp-content\/uploads\/2020\/11\/lp_logo_home-150x150.png 150w\" sizes=\"(max-width: 250px) 100vw, 250px\">\t\t\t\t\t\t\t\t<\/a>\n\t\t\t\t\t\t\t\t\t\t\t\t\t<\/div>\n\t\t\t\t<\/div>\n\t\t\t\t\t<\/div>\n\t\t<\/div>\n\t\t\t\t<div class=\"elementor-column elementor-col-16 elementor-top-column elementor-element elementor-element-3bffe04e\" data-id=\"3bffe04e\" data-element_type=\"column\">\n\t\t\t<div class=\"elementor-widget-wrap elementor-element-populated\">\n\t\t\t\t\t\t<div class=\"elementor-element elementor-element-156fdba6 elementor-widget elementor-widget-image\" data-id=\"156fdba6\" data-element_type=\"widget\" data-widget_type=\"image.default\">\n\t\t\t\t<div class=\"elementor-widget-container\">\n\t\t\t\t\t\t\t\t\t\t\t\t\t\t<a href=\"https:\/\/www.lemonpharma.com\/es\/flores-de-bach\/\">\n\t\t\t\t\t\t\t<img decoding=\"async\" width=\"500\" height=\"222\" src=\"https:\/\/www.lemonpharma.com\/wp-content\/uploads\/2020\/11\/BBlueten_Logo_Aufl03_DE_RZ_2.png\" class=\"elementor-animation-grow attachment-large size-large wp-image-544\" alt=\"\" srcset=\"https:\/\/www.lemonpharma.com\/wp-content\/uploads\/2020\/11\/BBlueten_Logo_Aufl03_DE_RZ_2.png 500w, https:\/\/www.lemonpharma.com\/wp-content\/uploads\/2020\/11\/BBlueten_Logo_Aufl03_DE_RZ_2-300x133.png 300w\" sizes=\"(max-width: 500px) 100vw, 500px\">\t\t\t\t\t\t\t\t<\/a>\n\t\t\t\t\t\t\t\t\t\t\t\t\t<\/div>\n\t\t\t\t<\/div>\n\t\t\t\t\t<\/div>\n\t\t<\/div>\n\t\t\t\t<div class=\"elementor-column elementor-col-16 elementor-top-column elementor-element elementor-element-18c37848\" data-id=\"18c37848\" data-element_type=\"column\">\n\t\t\t<div class=\"elementor-widget-wrap elementor-element-populated\">\n\t\t\t\t\t\t<div class=\"elementor-element elementor-element-29ba5317 elementor-widget elementor-widget-image\" data-id=\"29ba5317\" data-element_type=\"widget\" data-widget_type=\"image.default\">\n\t\t\t\t<div class=\"elementor-widget-container\">\n\t\t\t\t\t\t\t\t\t\t\t\t\t\t<a href=\"https:\/\/www.lemonpharma.com\/es\/apropolis\/\">\n\t\t\t\t\t\t\t<img loading=\"lazy\" decoding=\"async\" width=\"250\" height=\"90\" src=\"https:\/\/www.lemonpharma.com\/wp-content\/uploads\/2020\/11\/ginjer2.png\" class=\"elementor-animation-grow attachment-large size-large wp-image-658\" alt=\"\">\t\t\t\t\t\t\t\t<\/a>\n\t\t\t\t\t\t\t\t\t\t\t\t\t<\/div>\n\t\t\t\t<\/div>\n\t\t\t\t\t<\/div>\n\t\t<\/div>\n\t\t\t\t<div class=\"elementor-column elementor-col-16 elementor-top-column elementor-element elementor-element-7932e405\" data-id=\"7932e405\" data-element_type=\"column\">\n\t\t\t<div class=\"elementor-widget-wrap elementor-element-populated\">\n\t\t\t\t\t\t<div class=\"elementor-element elementor-element-37fac7e5 elementor-widget elementor-widget-image\" data-id=\"37fac7e5\" data-element_type=\"widget\" data-widget_type=\"image.default\">\n\t\t\t\t<div class=\"elementor-widget-container\">\n\t\t\t\t\t\t\t\t\t\t\t\t\t\t<a href=\"https:\/\/www.lemonpharma.com\/es\/apropolis\/\">\n\t\t\t\t\t\t\t<img loading=\"lazy\" decoding=\"async\" width=\"250\" height=\"90\" src=\"https:\/\/www.lemonpharma.com\/wp-content\/uploads\/2020\/11\/apropolis2.png\" class=\"elementor-animation-grow attachment-large size-large wp-image-700\" alt=\"\">\t\t\t\t\t\t\t\t<\/a>\n\t\t\t\t\t\t\t\t\t\t\t\t\t<\/div>\n\t\t\t\t<\/div>\n\t\t\t\t\t<\/div>\n\t\t<\/div>\n\t\t\t\t<div class=\"elementor-column elementor-col-16 elementor-top-column elementor-element elementor-element-3cd766e3\" data-id=\"3cd766e3\" data-element_type=\"column\">\n\t\t\t<div class=\"elementor-widget-wrap elementor-element-populated\">\n\t\t\t\t\t\t<div class=\"elementor-element elementor-element-5b21b665 elementor-widget elementor-widget-image\" data-id=\"5b21b665\" data-element_type=\"widget\" data-widget_type=\"image.default\">\n\t\t\t\t<div class=\"elementor-widget-container\">\n\t\t\t\t\t\t\t\t\t\t\t\t\t\t<a href=\"https:\/\/www.lemonpharma.com\/es\/cumacure\/\">\n\t\t\t\t\t\t\t<img decoding=\"async\" src=\"https:\/\/www.lemonpharma.com\/wp-content\/uploads\/2020\/11\/LEM_Cumacure_Logo_R_RZ-1.png\" title=\"\" alt=\"\" class=\"elementor-animation-grow\" loading=\"lazy\">\t\t\t\t\t\t\t\t<\/a>\n\t\t\t\t\t\t\t\t\t\t\t\t\t<\/div>\n\t\t\t\t<\/div>\n\t\t\t\t\t<\/div>\n\t\t<\/div>\n\t\t\t\t<div class=\"elementor-column elementor-col-16 elementor-top-column elementor-element elementor-element-456fdc02\" data-id=\"456fdc02\" data-element_type=\"column\">\n\t\t\t<div class=\"elementor-widget-wrap elementor-element-populated\">\n\t\t\t\t\t\t<div class=\"elementor-element elementor-element-6413d5d4 elementor-widget elementor-widget-image\" data-id=\"6413d5d4\" data-element_type=\"widget\" data-widget_type=\"image.default\">\n\t\t\t\t<div class=\"elementor-widget-container\">\n\t\t\t\t\t\t\t\t\t\t\t\t\t\t<a href=\"https:\/\/www.lemonpharma.com\/es\/estevia\/\">\n\t\t\t\t\t\t\t<img loading=\"lazy\" decoding=\"async\" width=\"250\" height=\"90\" src=\"https:\/\/www.lemonpharma.com\/wp-content\/uploads\/2020\/11\/steviagum2.png\" class=\"elementor-animation-grow attachment-large size-large wp-image-720\" alt=\"\">\t\t\t\t\t\t\t\t<\/a>\n\t\t\t\t\t\t\t\t\t\t\t\t\t<\/div>\n\t\t\t\t<\/div>\n\t\t\t\t\t<\/div>\n\t\t<\/div>\n\t\t\t\t\t<\/div>\n\t\t<\/section>\n\t\t\t\t<\/div>\n\t\t\t\t<\/div>\n\t\t\t\t<\/div>\n\t\t\t\t<\/div>\n\t\t\t\t\t<\/div>\n\t\t<\/div>\n\t\t\t\t\t<\/div>\n\t\t<\/section>\n\t\t\t\t<section class=\"elementor-section elementor-top-section elementor-element elementor-element-2bea824 elementor-section-boxed elementor-section-height-default elementor-section-height-default\" data-id=\"2bea824\" data-element_type=\"section\" data-settings=\"{&quot;background_background&quot;:&quot;classic&quot;}\">\n\t\t\t\t\t\t<div class=\"elementor-container elementor-column-gap-default\">\n\t\t\t\t\t<div class=\"elementor-column elementor-col-100 elementor-top-column elementor-element elementor-element-efa444e\" data-id=\"efa444e\" data-element_type=\"column\" data-settings=\"{&quot;background_background&quot;:&quot;classic&quot;}\">\n\t\t\t<div class=\"elementor-widget-wrap elementor-element-populated\">\n\t\t\t\t\t\t<div class=\"elementor-element elementor-element-a3011ec elementor-widget elementor-widget-image\" data-id=\"a3011ec\" data-element_type=\"widget\" data-widget_type=\"image.default\">\n\t\t\t\t<div class=\"elementor-widget-container\">\n\t\t\t\t\t\t\t\t\t\t\t\t\t<img fetchpriority=\"high\" decoding=\"async\" width=\"800\" height=\"274\" src=\"https:\/\/www.lemonpharma.com\/wp-content\/uploads\/2020\/11\/enerjetix-1024x351.png\" class=\"attachment-large size-large wp-image-4703\" alt=\"Caffeine Gum Enerjetix Energy Lemon Pharma\" srcset=\"https:\/\/www.lemonpharma.com\/wp-content\/uploads\/2020\/11\/enerjetix-1024x351.png 1024w, https:\/\/www.lemonpharma.com\/wp-content\/uploads\/2020\/11\/enerjetix-300x103.png 300w, https:\/\/www.lemonpharma.com\/wp-content\/uploads\/2020\/11\/enerjetix-768x264.png 768w, https:\/\/www.lemonpharma.com\/wp-content\/uploads\/2020\/11\/enerjetix.png 1285w\" sizes=\"(max-width: 800px) 100vw, 800px\" \/>\t\t\t\t\t\t\t\t\t\t\t\t\t<\/div>\n\t\t\t\t<\/div>\n\t\t\t\t<div class=\"elementor-element elementor-element-7c499c5 elementor-widget elementor-widget-heading\" data-id=\"7c499c5\" data-element_type=\"widget\" data-widget_type=\"heading.default\">\n\t\t\t\t<div class=\"elementor-widget-container\">\n\t\t\t<h2 class=\"elementor-heading-title elementor-size-default\">LA VERDADERA ALTERNATIVA A LAS BEBIDAS ENERG\u00c9TICAS<\/h2>\t\t<\/div>\n\t\t\t\t<\/div>\n\t\t\t\t<div class=\"elementor-element elementor-element-84c5c21 elementor-widget elementor-widget-text-editor\" data-id=\"84c5c21\" data-element_type=\"widget\" data-widget_type=\"text-editor.default\">\n\t\t\t\t<div class=\"elementor-widget-container\">\n\t\t\t<style>\/*! elementor - v3.19.0 - 28-02-2024 *\/\n.elementor-widget-text-editor.elementor-drop-cap-view-stacked .elementor-drop-cap{background-color:#69727d;color:#fff}.elementor-widget-text-editor.elementor-drop-cap-view-framed .elementor-drop-cap{color:#69727d;border:3px solid;background-color:transparent}.elementor-widget-text-editor:not(.elementor-drop-cap-view-default) .elementor-drop-cap{margin-top:8px}.elementor-widget-text-editor:not(.elementor-drop-cap-view-default) .elementor-drop-cap-letter{width:1em;height:1em}.elementor-widget-text-editor .elementor-drop-cap{float:left;text-align:center;line-height:1;font-size:50px}.elementor-widget-text-editor .elementor-drop-cap-letter{display:inline-block}<\/style>\t\t\t\t<p>Lemon Pharma trabaja sin descanso para seguir llevando innovaciones al mercado de la salud. Uno de nuestros productos m\u00e1s recientes, con la calidad habitual de Lemon Pharma, es HYPERGY:<\/p><p>HYPERGY es un complemento alimenticio energ\u00e9tico extremadamente eficiente y saludable de calidad farmac\u00e9utica. Con una incre\u00edble velocidad de actuaci\u00f3n y un mejor efecto, este producto tiene claras ventajas frente a las bebidas energ\u00e9ticas convencionales. Un choque de energ\u00eda en una peque\u00f1a pastilla. Sin az\u00facar, c\u00f3modo de llevar y a un precio econ\u00f3mico.<\/p><p>Lemon Pharma ofrece HYPERGY en tres sabores. HYPERGY Menta, HYPERGY Tutti Frutti y HYPERGY Ar\u00e1ndano son el complemento perfecto de los ingredientes activos: cafe\u00edna, taurina y vitamina B5.<\/p><p>Descubra HYPERGY, una innovaci\u00f3n de Lemon Pharma.<\/p><p>\u00a0<\/p>\t\t\t\t\t\t<\/div>\n\t\t\t\t<\/div>\n\t\t\t\t<section class=\"elementor-section elementor-inner-section elementor-element elementor-element-740f631 elementor-section-boxed elementor-section-height-default elementor-section-height-default\" data-id=\"740f631\" data-element_type=\"section\" data-settings=\"{&quot;background_background&quot;:&quot;classic&quot;}\">\n\t\t\t\t\t\t<div class=\"elementor-container elementor-column-gap-default\">\n\t\t\t\t\t<div class=\"elementor-column elementor-col-33 elementor-inner-column elementor-element elementor-element-6911993\" data-id=\"6911993\" data-element_type=\"column\">\n\t\t\t<div class=\"elementor-widget-wrap elementor-element-populated\">\n\t\t\t\t\t\t<div class=\"elementor-element elementor-element-9986690 elementor-view-default elementor-widget elementor-widget-icon\" data-id=\"9986690\" data-element_type=\"widget\" data-widget_type=\"icon.default\">\n\t\t\t\t<div class=\"elementor-widget-container\">\n\t\t\t\t\t<div class=\"elementor-icon-wrapper\">\n\t\t\t<div class=\"elementor-icon\">\n\t\t\t<i aria-hidden=\"true\" class=\"fas fa-share-square\"><\/i>\t\t\t<\/div>\n\t\t<\/div>\n\t\t\t\t<\/div>\n\t\t\t\t<\/div>\n\t\t\t\t\t<\/div>\n\t\t<\/div>\n\t\t\t\t<div class=\"elementor-column elementor-col-33 elementor-inner-column elementor-element elementor-element-55ff0d4\" data-id=\"55ff0d4\" data-element_type=\"column\">\n\t\t\t<div class=\"elementor-widget-wrap elementor-element-populated\">\n\t\t\t\t\t\t<div class=\"elementor-element elementor-element-3ba5a1e elementor-widget elementor-widget-heading\" data-id=\"3ba5a1e\" data-element_type=\"widget\" data-widget_type=\"heading.default\">\n\t\t\t\t<div class=\"elementor-widget-container\">\n\t\t\t<h2 class=\"elementor-heading-title elementor-size-default\">P\u00c1GINA DEL PRODUCTO\n<\/h2>\t\t<\/div>\n\t\t\t\t<\/div>\n\t\t\t\t<div class=\"elementor-element elementor-element-2671e89 elementor-widget elementor-widget-text-editor\" data-id=\"2671e89\" data-element_type=\"widget\" data-widget_type=\"text-editor.default\">\n\t\t\t\t<div class=\"elementor-widget-container\">\n\t\t\t\t\t\t\t<p>Visite nuestra p\u00e1gina del producto para obtener toda la informaci\u00f3n.<\/p>\t\t\t\t\t\t<\/div>\n\t\t\t\t<\/div>\n\t\t\t\t\t<\/div>\n\t\t<\/div>\n\t\t\t\t<div class=\"elementor-column elementor-col-33 elementor-inner-column elementor-element elementor-element-99654d0\" data-id=\"99654d0\" data-element_type=\"column\">\n\t\t\t<div class=\"elementor-widget-wrap elementor-element-populated\">\n\t\t\t\t\t\t<div class=\"elementor-element elementor-element-16c9e75 elementor-align-justify elementor-widget elementor-widget-button\" data-id=\"16c9e75\" data-element_type=\"widget\" data-widget_type=\"button.default\">\n\t\t\t\t<div class=\"elementor-widget-container\">\n\t\t\t\t\t<div class=\"elementor-button-wrapper\">\n\t\t\t<a class=\"elementor-button elementor-button-link elementor-size-sm\" href=\"http:\/\/www.enerjetix.de\/\" target=\"_blank\" rel=\"noopener\">\n\t\t\t\t\t\t<span class=\"elementor-button-content-wrapper\">\n\t\t\t\t\t\t<span class=\"elementor-button-text\">www.enerjetix.de<\/span>\n\t\t<\/span>\n\t\t\t\t\t<\/a>\n\t\t<\/div>\n\t\t\t\t<\/div>\n\t\t\t\t<\/div>\n\t\t\t\t\t<\/div>\n\t\t<\/div>\n\t\t\t\t\t<\/div>\n\t\t<\/section>\n\t\t\t\t<div class=\"elementor-element elementor-element-e44724d elementor-widget elementor-widget-text-editor\" data-id=\"e44724d\" data-element_type=\"widget\" data-widget_type=\"text-editor.default\">\n\t\t\t\t<div class=\"elementor-widget-container\">\n\t\t\t\t\t\t\t<p>Tenga en cuenta que al acceder a la p\u00e1gina del producto Hypergy estar\u00e1 abandonando la p\u00e1gina web de Lemon Pharma Deutschland GmbH &amp; Co. KG.<\/p>\t\t\t\t\t\t<\/div>\n\t\t\t\t<\/div>\n\t\t\t\t\t<\/div>\n\t\t<\/div>\n\t\t\t\t\t<\/div>\n\t\t<\/section>\n\t\t\t\t<\/div>\n\t\t","protected":false},"excerpt":{"rendered":"<p>CAFE\u00cdNA LA VERDADERA ALTERNATIVA A LAS BEBIDAS ENERG\u00c9TICAS. LA VERDADERA ALTERNATIVA A LAS BEBIDAS ENERG\u00c9TICAS Lemon Pharma trabaja sin descanso para seguir llevando innovaciones al mercado de la salud. Uno de nuestros productos m\u00e1s recientes, con la calidad habitual de Lemon Pharma, es HYPERGY: HYPERGY es un complemento alimenticio energ\u00e9tico extremadamente eficiente y saludable de [&hellip;]<\/p>\n","protected":false},"author":2,"featured_media":0,"parent":0,"menu_order":7,"comment_status":"closed","ping_status":"closed","template":"","meta":{"footnotes":""},"class_list":["post-4212","page","type-page","status-publish","hentry"],"_links":{"self":[{"href":"https:\/\/www.lemonpharma.com\/es\/wp-json\/wp\/v2\/pages\/4212","targetHints":{"allow":["GET"]}}],"collection":[{"href":"https:\/\/www.lemonpharma.com\/es\/wp-json\/wp\/v2\/pages"}],"about":[{"href":"https:\/\/www.lemonpharma.com\/es\/wp-json\/wp\/v2\/types\/page"}],"author":[{"embeddable":true,"href":"https:\/\/www.lemonpharma.com\/es\/wp-json\/wp\/v2\/users\/2"}],"replies":[{"embeddable":true,"href":"https:\/\/www.lemonpharma.com\/es\/wp-json\/wp\/v2\/comments?post=4212"}],"version-history":[{"count":10,"href":"https:\/\/www.lemonpharma.com\/es\/wp-json\/wp\/v2\/pages\/4212\/revisions"}],"predecessor-version":[{"id":4723,"href":"https:\/\/www.lemonpharma.com\/es\/wp-json\/wp\/v2\/pages\/4212\/revisions\/4723"}],"wp:attachment":[{"href":"https:\/\/www.lemonpharma.com\/es\/wp-json\/wp\/v2\/media?parent=4212"}],"curies":[{"name":"wp","href":"https:\/\/api.w.org\/{rel}","templated":true}]}}