{"id":4130,"date":"2020-11-13T17:02:07","date_gmt":"2020-11-13T16:02:07","guid":{"rendered":"https:\/\/b9p7q4m.myraidbox.de\/?page_id=4130"},"modified":"2023-05-31T15:21:10","modified_gmt":"2023-05-31T13:21:10","slug":"ginjer","status":"publish","type":"page","link":"https:\/\/www.lemonpharma.com\/es\/ginjer\/","title":{"rendered":"Jenigbre"},"content":{"rendered":"\t\t<div data-elementor-type=\"wp-page\" data-elementor-id=\"4130\" class=\"elementor elementor-4130 elementor-366\" data-elementor-post-type=\"page\">\n\t\t\t\t\t\t<section class=\"elementor-section elementor-top-section elementor-element elementor-element-6907c85 elementor-section-height-min-height elementor-reverse-mobile elementor-section-boxed elementor-section-height-default elementor-section-items-middle\" data-id=\"6907c85\" data-element_type=\"section\" data-settings=\"{&quot;background_background&quot;:&quot;classic&quot;}\">\n\t\t\t\t\t\t<div class=\"elementor-container elementor-column-gap-default\">\n\t\t\t\t\t<div class=\"elementor-column elementor-col-33 elementor-top-column elementor-element elementor-element-9f91757\" data-id=\"9f91757\" data-element_type=\"column\">\n\t\t\t<div class=\"elementor-widget-wrap elementor-element-populated\">\n\t\t\t\t\t\t<div class=\"elementor-element elementor-element-61acc12 elementor-widget elementor-widget-heading\" data-id=\"61acc12\" data-element_type=\"widget\" data-widget_type=\"heading.default\">\n\t\t\t\t<div class=\"elementor-widget-container\">\n\t\t\t<style>\/*! elementor - v3.19.0 - 28-02-2024 *\/\n.elementor-heading-title{padding:0;margin:0;line-height:1}.elementor-widget-heading .elementor-heading-title[class*=elementor-size-]>a{color:inherit;font-size:inherit;line-height:inherit}.elementor-widget-heading .elementor-heading-title.elementor-size-small{font-size:15px}.elementor-widget-heading .elementor-heading-title.elementor-size-medium{font-size:19px}.elementor-widget-heading .elementor-heading-title.elementor-size-large{font-size:29px}.elementor-widget-heading .elementor-heading-title.elementor-size-xl{font-size:39px}.elementor-widget-heading .elementor-heading-title.elementor-size-xxl{font-size:59px}<\/style><h2 class=\"elementor-heading-title elementor-size-default\">JENIGBRE<\/h2>\t\t<\/div>\n\t\t\t\t<\/div>\n\t\t\t\t<div class=\"elementor-element elementor-element-6af4ef2 elementor-widget elementor-widget-heading\" data-id=\"6af4ef2\" data-element_type=\"widget\" data-widget_type=\"heading.default\">\n\t\t\t\t<div class=\"elementor-widget-container\">\n\t\t\t<h2 class=\"elementor-heading-title elementor-size-default\">LA FUERZA\nDEL M\u00c1GICO SABOR PICANTE<\/h2>\t\t<\/div>\n\t\t\t\t<\/div>\n\t\t\t\t\t<\/div>\n\t\t<\/div>\n\t\t\t\t<div class=\"elementor-column elementor-col-33 elementor-top-column elementor-element elementor-element-8169f91\" data-id=\"8169f91\" data-element_type=\"column\">\n\t\t\t<div class=\"elementor-widget-wrap elementor-element-populated\">\n\t\t\t\t\t\t<div class=\"elementor-element elementor-element-61ee0d6 elementor-widget elementor-widget-image\" data-id=\"61ee0d6\" data-element_type=\"widget\" data-widget_type=\"image.default\">\n\t\t\t\t<div class=\"elementor-widget-container\">\n\t\t\t<style>\/*! elementor - v3.19.0 - 28-02-2024 *\/\n.elementor-widget-image{text-align:center}.elementor-widget-image a{display:inline-block}.elementor-widget-image a img[src$=\".svg\"]{width:48px}.elementor-widget-image img{vertical-align:middle;display:inline-block}<\/style>\t\t\t\t\t\t\t\t\t\t<img fetchpriority=\"high\" decoding=\"async\" width=\"460\" height=\"181\" src=\"https:\/\/www.lemonpharma.com\/wp-content\/uploads\/2020\/11\/lemon-pharma-logo-ginjer-ingwer-1.png\" class=\"attachment-large size-large wp-image-1068\" alt=\"\" srcset=\"https:\/\/www.lemonpharma.com\/wp-content\/uploads\/2020\/11\/lemon-pharma-logo-ginjer-ingwer-1.png 460w, https:\/\/www.lemonpharma.com\/wp-content\/uploads\/2020\/11\/lemon-pharma-logo-ginjer-ingwer-1-300x118.png 300w\" sizes=\"(max-width: 460px) 100vw, 460px\">\t\t\t\t\t\t\t\t\t\t\t\t\t<\/div>\n\t\t\t\t<\/div>\n\t\t\t\t\t<\/div>\n\t\t<\/div>\n\t\t\t\t<div class=\"elementor-column elementor-col-33 elementor-top-column elementor-element elementor-element-a33be77\" data-id=\"a33be77\" data-element_type=\"column\">\n\t\t\t<div class=\"elementor-widget-wrap\">\n\t\t\t\t\t\t\t<\/div>\n\t\t<\/div>\n\t\t\t\t\t<\/div>\n\t\t<\/section>\n\t\t\t\t<section class=\"elementor-section elementor-top-section elementor-element elementor-element-33820bb elementor-section-boxed elementor-section-height-default elementor-section-height-default\" data-id=\"33820bb\" data-element_type=\"section\" data-settings=\"{&quot;background_background&quot;:&quot;classic&quot;}\">\n\t\t\t\t\t\t<div class=\"elementor-container elementor-column-gap-default\">\n\t\t\t\t\t<div class=\"elementor-column elementor-col-100 elementor-top-column elementor-element elementor-element-b53e611\" data-id=\"b53e611\" data-element_type=\"column\">\n\t\t\t<div class=\"elementor-widget-wrap elementor-element-populated\">\n\t\t\t\t\t\t<div class=\"elementor-element elementor-element-1aa3e93 elementor-widget elementor-widget-template\" data-id=\"1aa3e93\" data-element_type=\"widget\" data-widget_type=\"template.default\">\n\t\t\t\t<div class=\"elementor-widget-container\">\n\t\t\t\t\t<div class=\"elementor-template\">\n\t\t\t\t\t<div data-elementor-type=\"section\" data-elementor-id=\"4236\" class=\"elementor elementor-4236 elementor-1000\" data-elementor-post-type=\"elementor_library\">\n\t\t\t\t\t<section class=\"elementor-section elementor-top-section elementor-element elementor-element-24be9f65 elementor-section-boxed elementor-section-height-default elementor-section-height-default\" data-id=\"24be9f65\" data-element_type=\"section\" data-settings=\"{&quot;background_background&quot;:&quot;classic&quot;,&quot;sticky&quot;:&quot;top&quot;,&quot;sticky_on&quot;:[&quot;desktop&quot;],&quot;sticky_offset&quot;:0,&quot;sticky_effects_offset&quot;:0}\">\n\t\t\t\t\t\t<div class=\"elementor-container elementor-column-gap-default\">\n\t\t\t\t\t<div class=\"elementor-column elementor-col-16 elementor-top-column elementor-element elementor-element-2cb70a93\" data-id=\"2cb70a93\" data-element_type=\"column\">\n\t\t\t<div class=\"elementor-widget-wrap elementor-element-populated\">\n\t\t\t\t\t\t<div class=\"elementor-element elementor-element-71df9ed6 elementor-widget elementor-widget-image\" data-id=\"71df9ed6\" data-element_type=\"widget\" data-widget_type=\"image.default\">\n\t\t\t\t<div class=\"elementor-widget-container\">\n\t\t\t\t\t\t\t\t\t\t\t\t\t\t<a href=\"https:\/\/www.lemonpharma.com\/es\">\n\t\t\t\t\t\t\t<img decoding=\"async\" width=\"250\" height=\"250\" src=\"https:\/\/www.lemonpharma.com\/wp-content\/uploads\/2020\/11\/lp_logo_home.png\" class=\"elementor-animation-grow attachment-large size-large wp-image-668\" alt=\"\" srcset=\"https:\/\/www.lemonpharma.com\/wp-content\/uploads\/2020\/11\/lp_logo_home.png 250w, https:\/\/www.lemonpharma.com\/wp-content\/uploads\/2020\/11\/lp_logo_home-150x150.png 150w\" sizes=\"(max-width: 250px) 100vw, 250px\">\t\t\t\t\t\t\t\t<\/a>\n\t\t\t\t\t\t\t\t\t\t\t\t\t<\/div>\n\t\t\t\t<\/div>\n\t\t\t\t\t<\/div>\n\t\t<\/div>\n\t\t\t\t<div class=\"elementor-column elementor-col-16 elementor-top-column elementor-element elementor-element-3bffe04e\" data-id=\"3bffe04e\" data-element_type=\"column\">\n\t\t\t<div class=\"elementor-widget-wrap elementor-element-populated\">\n\t\t\t\t\t\t<div class=\"elementor-element elementor-element-156fdba6 elementor-widget elementor-widget-image\" data-id=\"156fdba6\" data-element_type=\"widget\" data-widget_type=\"image.default\">\n\t\t\t\t<div class=\"elementor-widget-container\">\n\t\t\t\t\t\t\t\t\t\t\t\t\t\t<a href=\"https:\/\/www.lemonpharma.com\/es\/flores-de-bach\/\">\n\t\t\t\t\t\t\t<img decoding=\"async\" width=\"500\" height=\"222\" src=\"https:\/\/www.lemonpharma.com\/wp-content\/uploads\/2020\/11\/BBlueten_Logo_Aufl03_DE_RZ_2.png\" class=\"elementor-animation-grow attachment-large size-large wp-image-544\" alt=\"\" srcset=\"https:\/\/www.lemonpharma.com\/wp-content\/uploads\/2020\/11\/BBlueten_Logo_Aufl03_DE_RZ_2.png 500w, https:\/\/www.lemonpharma.com\/wp-content\/uploads\/2020\/11\/BBlueten_Logo_Aufl03_DE_RZ_2-300x133.png 300w\" sizes=\"(max-width: 500px) 100vw, 500px\">\t\t\t\t\t\t\t\t<\/a>\n\t\t\t\t\t\t\t\t\t\t\t\t\t<\/div>\n\t\t\t\t<\/div>\n\t\t\t\t\t<\/div>\n\t\t<\/div>\n\t\t\t\t<div class=\"elementor-column elementor-col-16 elementor-top-column elementor-element elementor-element-18c37848\" data-id=\"18c37848\" data-element_type=\"column\">\n\t\t\t<div class=\"elementor-widget-wrap elementor-element-populated\">\n\t\t\t\t\t\t<div class=\"elementor-element elementor-element-29ba5317 elementor-widget elementor-widget-image\" data-id=\"29ba5317\" data-element_type=\"widget\" data-widget_type=\"image.default\">\n\t\t\t\t<div class=\"elementor-widget-container\">\n\t\t\t\t\t\t\t\t\t\t\t\t\t\t<a href=\"https:\/\/www.lemonpharma.com\/es\/apropolis\/\">\n\t\t\t\t\t\t\t<img loading=\"lazy\" decoding=\"async\" width=\"250\" height=\"90\" src=\"https:\/\/www.lemonpharma.com\/wp-content\/uploads\/2020\/11\/ginjer2.png\" class=\"elementor-animation-grow attachment-large size-large wp-image-658\" alt=\"\">\t\t\t\t\t\t\t\t<\/a>\n\t\t\t\t\t\t\t\t\t\t\t\t\t<\/div>\n\t\t\t\t<\/div>\n\t\t\t\t\t<\/div>\n\t\t<\/div>\n\t\t\t\t<div class=\"elementor-column elementor-col-16 elementor-top-column elementor-element elementor-element-7932e405\" data-id=\"7932e405\" data-element_type=\"column\">\n\t\t\t<div class=\"elementor-widget-wrap elementor-element-populated\">\n\t\t\t\t\t\t<div class=\"elementor-element elementor-element-37fac7e5 elementor-widget elementor-widget-image\" data-id=\"37fac7e5\" data-element_type=\"widget\" data-widget_type=\"image.default\">\n\t\t\t\t<div class=\"elementor-widget-container\">\n\t\t\t\t\t\t\t\t\t\t\t\t\t\t<a href=\"https:\/\/www.lemonpharma.com\/es\/apropolis\/\">\n\t\t\t\t\t\t\t<img loading=\"lazy\" decoding=\"async\" width=\"250\" height=\"90\" src=\"https:\/\/www.lemonpharma.com\/wp-content\/uploads\/2020\/11\/apropolis2.png\" class=\"elementor-animation-grow attachment-large size-large wp-image-700\" alt=\"\">\t\t\t\t\t\t\t\t<\/a>\n\t\t\t\t\t\t\t\t\t\t\t\t\t<\/div>\n\t\t\t\t<\/div>\n\t\t\t\t\t<\/div>\n\t\t<\/div>\n\t\t\t\t<div class=\"elementor-column elementor-col-16 elementor-top-column elementor-element elementor-element-3cd766e3\" data-id=\"3cd766e3\" data-element_type=\"column\">\n\t\t\t<div class=\"elementor-widget-wrap elementor-element-populated\">\n\t\t\t\t\t\t<div class=\"elementor-element elementor-element-5b21b665 elementor-widget elementor-widget-image\" data-id=\"5b21b665\" data-element_type=\"widget\" data-widget_type=\"image.default\">\n\t\t\t\t<div class=\"elementor-widget-container\">\n\t\t\t\t\t\t\t\t\t\t\t\t\t\t<a href=\"https:\/\/www.lemonpharma.com\/es\/cumacure\/\">\n\t\t\t\t\t\t\t<img decoding=\"async\" src=\"https:\/\/www.lemonpharma.com\/wp-content\/uploads\/2020\/11\/LEM_Cumacure_Logo_R_RZ-1.png\" title=\"\" alt=\"\" class=\"elementor-animation-grow\" loading=\"lazy\">\t\t\t\t\t\t\t\t<\/a>\n\t\t\t\t\t\t\t\t\t\t\t\t\t<\/div>\n\t\t\t\t<\/div>\n\t\t\t\t\t<\/div>\n\t\t<\/div>\n\t\t\t\t<div class=\"elementor-column elementor-col-16 elementor-top-column elementor-element elementor-element-456fdc02\" data-id=\"456fdc02\" data-element_type=\"column\">\n\t\t\t<div class=\"elementor-widget-wrap elementor-element-populated\">\n\t\t\t\t\t\t<div class=\"elementor-element elementor-element-6413d5d4 elementor-widget elementor-widget-image\" data-id=\"6413d5d4\" data-element_type=\"widget\" data-widget_type=\"image.default\">\n\t\t\t\t<div class=\"elementor-widget-container\">\n\t\t\t\t\t\t\t\t\t\t\t\t\t\t<a href=\"https:\/\/www.lemonpharma.com\/es\/estevia\/\">\n\t\t\t\t\t\t\t<img loading=\"lazy\" decoding=\"async\" width=\"250\" height=\"90\" src=\"https:\/\/www.lemonpharma.com\/wp-content\/uploads\/2020\/11\/steviagum2.png\" class=\"elementor-animation-grow attachment-large size-large wp-image-720\" alt=\"\">\t\t\t\t\t\t\t\t<\/a>\n\t\t\t\t\t\t\t\t\t\t\t\t\t<\/div>\n\t\t\t\t<\/div>\n\t\t\t\t\t<\/div>\n\t\t<\/div>\n\t\t\t\t\t<\/div>\n\t\t<\/section>\n\t\t\t\t<\/div>\n\t\t\t\t<\/div>\n\t\t\t\t<\/div>\n\t\t\t\t<\/div>\n\t\t\t\t\t<\/div>\n\t\t<\/div>\n\t\t\t\t\t<\/div>\n\t\t<\/section>\n\t\t\t\t<section class=\"elementor-section elementor-top-section elementor-element elementor-element-32d4fbc elementor-section-boxed elementor-section-height-default elementor-section-height-default\" data-id=\"32d4fbc\" data-element_type=\"section\" data-settings=\"{&quot;background_background&quot;:&quot;classic&quot;}\">\n\t\t\t\t\t\t<div class=\"elementor-container elementor-column-gap-default\">\n\t\t\t\t\t<div class=\"elementor-column elementor-col-100 elementor-top-column elementor-element elementor-element-4b0a182f\" data-id=\"4b0a182f\" data-element_type=\"column\" data-settings=\"{&quot;background_background&quot;:&quot;classic&quot;}\">\n\t\t\t<div class=\"elementor-widget-wrap elementor-element-populated\">\n\t\t\t\t\t\t<div class=\"elementor-element elementor-element-2d39bb0 elementor-widget elementor-widget-image\" data-id=\"2d39bb0\" data-element_type=\"widget\" data-widget_type=\"image.default\">\n\t\t\t\t<div class=\"elementor-widget-container\">\n\t\t\t\t\t\t\t\t\t\t\t\t\t<img fetchpriority=\"high\" decoding=\"async\" width=\"460\" height=\"181\" src=\"https:\/\/www.lemonpharma.com\/wp-content\/uploads\/2020\/11\/lemon-pharma-logo-ginjer-ingwer-1.png\" class=\"attachment-large size-large wp-image-1068\" alt=\"\" srcset=\"https:\/\/www.lemonpharma.com\/wp-content\/uploads\/2020\/11\/lemon-pharma-logo-ginjer-ingwer-1.png 460w, https:\/\/www.lemonpharma.com\/wp-content\/uploads\/2020\/11\/lemon-pharma-logo-ginjer-ingwer-1-300x118.png 300w\" sizes=\"(max-width: 460px) 100vw, 460px\">\t\t\t\t\t\t\t\t\t\t\t\t\t<\/div>\n\t\t\t\t<\/div>\n\t\t\t\t<div class=\"elementor-element elementor-element-c1b4cfb elementor-widget elementor-widget-image\" data-id=\"c1b4cfb\" data-element_type=\"widget\" data-widget_type=\"image.default\">\n\t\t\t\t<div class=\"elementor-widget-container\">\n\t\t\t\t\t\t\t\t\t\t\t\t\t<img loading=\"lazy\" decoding=\"async\" width=\"750\" height=\"375\" src=\"https:\/\/www.lemonpharma.com\/wp-content\/uploads\/2020\/11\/LEM_Ginjer_Products_Range_B.jpg\" class=\"attachment-large size-large wp-image-1078\" alt=\"\" srcset=\"https:\/\/www.lemonpharma.com\/wp-content\/uploads\/2020\/11\/LEM_Ginjer_Products_Range_B.jpg 750w, https:\/\/www.lemonpharma.com\/wp-content\/uploads\/2020\/11\/LEM_Ginjer_Products_Range_B-300x150.jpg 300w\" sizes=\"(max-width: 750px) 100vw, 750px\">\t\t\t\t\t\t\t\t\t\t\t\t\t<\/div>\n\t\t\t\t<\/div>\n\t\t\t\t<div class=\"elementor-element elementor-element-7e852cb8 elementor-widget elementor-widget-heading\" data-id=\"7e852cb8\" data-element_type=\"widget\" data-widget_type=\"heading.default\">\n\t\t\t\t<div class=\"elementor-widget-container\">\n\t\t\t<h2 class=\"elementor-heading-title elementor-size-default\">GRAN VARIEDAD DE PRODUCTOS DE JENGIBRE\n<\/h2>\t\t<\/div>\n\t\t\t\t<\/div>\n\t\t\t\t<div class=\"elementor-element elementor-element-3c9514f4 elementor-widget elementor-widget-text-editor\" data-id=\"3c9514f4\" data-element_type=\"widget\" data-widget_type=\"text-editor.default\">\n\t\t\t\t<div class=\"elementor-widget-container\">\n\t\t\t<style>\/*! elementor - v3.19.0 - 28-02-2024 *\/\n.elementor-widget-text-editor.elementor-drop-cap-view-stacked .elementor-drop-cap{background-color:#69727d;color:#fff}.elementor-widget-text-editor.elementor-drop-cap-view-framed .elementor-drop-cap{color:#69727d;border:3px solid;background-color:transparent}.elementor-widget-text-editor:not(.elementor-drop-cap-view-default) .elementor-drop-cap{margin-top:8px}.elementor-widget-text-editor:not(.elementor-drop-cap-view-default) .elementor-drop-cap-letter{width:1em;height:1em}.elementor-widget-text-editor .elementor-drop-cap{float:left;text-align:center;line-height:1;font-size:50px}.elementor-widget-text-editor .elementor-drop-cap-letter{display:inline-block}<\/style>\t\t\t\t<p>Los productos GINJER se distribuyen desde muchos a\u00f1os con mucho \u00e9xito en las farmacias y tiendas diet\u00e9ticas.<\/p><p>A nivel mundial se conoce el jengibre y no solamente como especie para cocinar. El jengibre forma parte de los alimentos m\u00e1s sanos del mundo. En muchos pa\u00edses ya se aprovecha los efectos beneficiosos desde m\u00e1s de 3000 a\u00f1os. Se utiliza el jengibre como remedio casero en toda Europa.<\/p><p>El jengibre m\u00e1s com\u00fan es el yingiber officinale. De esta planta, tan solo se usa los brotes subterr\u00e1neos, los tal llamados rizomas, que contienen la valiosa oleorresina, un b\u00e1lsamo viscoso, que se compone por aceites esenciales y sustancias picantes, como los gingeroles y shogaoles.<\/p><div class=\"\">Estos productos est\u00e1n disponibles en diferentes variantes: en forma de dado, en gotas, pastillas, chicles y grageas.<\/div><div class=\"\">De esta manera, la l\u00ednea GINJER cumple como siempre los principios funcionales de Lemon Pharma en cuanto a sabor, uso amigable y alta calidad.<\/div>\t\t\t\t\t\t<\/div>\n\t\t\t\t<\/div>\n\t\t\t\t<section class=\"elementor-section elementor-inner-section elementor-element elementor-element-7050e67 elementor-section-boxed elementor-section-height-default elementor-section-height-default\" data-id=\"7050e67\" data-element_type=\"section\" data-settings=\"{&quot;background_background&quot;:&quot;classic&quot;}\">\n\t\t\t\t\t\t<div class=\"elementor-container elementor-column-gap-default\">\n\t\t\t\t\t<div class=\"elementor-column elementor-col-33 elementor-inner-column elementor-element elementor-element-63ca1f3\" data-id=\"63ca1f3\" data-element_type=\"column\">\n\t\t\t<div class=\"elementor-widget-wrap elementor-element-populated\">\n\t\t\t\t\t\t<div class=\"elementor-element elementor-element-4df9d8b elementor-view-default elementor-widget elementor-widget-icon\" data-id=\"4df9d8b\" data-element_type=\"widget\" data-widget_type=\"icon.default\">\n\t\t\t\t<div class=\"elementor-widget-container\">\n\t\t\t\t\t<div class=\"elementor-icon-wrapper\">\n\t\t\t<div class=\"elementor-icon\">\n\t\t\t<i aria-hidden=\"true\" class=\"fas fa-share-square\"><\/i>\t\t\t<\/div>\n\t\t<\/div>\n\t\t\t\t<\/div>\n\t\t\t\t<\/div>\n\t\t\t\t\t<\/div>\n\t\t<\/div>\n\t\t\t\t<div class=\"elementor-column elementor-col-33 elementor-inner-column elementor-element elementor-element-6ab9588\" data-id=\"6ab9588\" data-element_type=\"column\">\n\t\t\t<div class=\"elementor-widget-wrap elementor-element-populated\">\n\t\t\t\t\t\t<div class=\"elementor-element elementor-element-9c6bfb7 elementor-widget elementor-widget-heading\" data-id=\"9c6bfb7\" data-element_type=\"widget\" data-widget_type=\"heading.default\">\n\t\t\t\t<div class=\"elementor-widget-container\">\n\t\t\t<h2 class=\"elementor-heading-title elementor-size-default\">INFORMACIONES ADICIONALES<\/h2>\t\t<\/div>\n\t\t\t\t<\/div>\n\t\t\t\t<div class=\"elementor-element elementor-element-4531ab6 elementor-widget elementor-widget-text-editor\" data-id=\"4531ab6\" data-element_type=\"widget\" data-widget_type=\"text-editor.default\">\n\t\t\t\t<div class=\"elementor-widget-container\">\n\t\t\t\t\t\t\t<section class=\"vc_cta3-container\"><div class=\"vc_general vc_cta3 produktlinkbox vc_cta3-style-custom vc_cta3-shape-rounded vc_cta3-align-left vc_cta3-icon-size-md vc_cta3-icons-left vc_cta3-actions-right\"><div class=\"vc_cta3_content-container\"><div class=\"vc_cta3-content\"><p>Consulte nuestro sitio web de productos, que dispone de todas las informaciones acerca de esta l\u00ednea de productos.<\/p><\/div><\/div><\/div><\/section>\t\t\t\t\t\t<\/div>\n\t\t\t\t<\/div>\n\t\t\t\t\t<\/div>\n\t\t<\/div>\n\t\t\t\t<div class=\"elementor-column elementor-col-33 elementor-inner-column elementor-element elementor-element-164ef99\" data-id=\"164ef99\" data-element_type=\"column\">\n\t\t\t<div class=\"elementor-widget-wrap elementor-element-populated\">\n\t\t\t\t\t\t<div class=\"elementor-element elementor-element-61df026 elementor-align-justify elementor-widget elementor-widget-button\" data-id=\"61df026\" data-element_type=\"widget\" data-widget_type=\"button.default\">\n\t\t\t\t<div class=\"elementor-widget-container\">\n\t\t\t\t\t<div class=\"elementor-button-wrapper\">\n\t\t\t<a class=\"elementor-button elementor-button-link elementor-size-sm\" href=\"https:\/\/lemon-pharma.es\/jengibre-beneficios-del-jengibre\" target=\"_blank\" rel=\"noopener\">\n\t\t\t\t\t\t<span class=\"elementor-button-content-wrapper\">\n\t\t\t\t\t\t<span class=\"elementor-button-text\">lemon-pharma.es\/jengibre<\/span>\n\t\t<\/span>\n\t\t\t\t\t<\/a>\n\t\t<\/div>\n\t\t\t\t<\/div>\n\t\t\t\t<\/div>\n\t\t\t\t\t<\/div>\n\t\t<\/div>\n\t\t\t\t\t<\/div>\n\t\t<\/section>\n\t\t\t\t<div class=\"elementor-element elementor-element-6e76923 elementor-widget elementor-widget-text-editor\" data-id=\"6e76923\" data-element_type=\"widget\" data-widget_type=\"text-editor.default\">\n\t\t\t\t<div class=\"elementor-widget-container\">\n\t\t\t\t\t\t\t<p>Al pasar a la p\u00e1gina de productos de GINJER, abandonar\u00e1 el sitio web de Lemon Pharma Deutschland GmbH &amp; Co. KG.<\/p>\t\t\t\t\t\t<\/div>\n\t\t\t\t<\/div>\n\t\t\t\t\t<\/div>\n\t\t<\/div>\n\t\t\t\t\t<\/div>\n\t\t<\/section>\n\t\t\t\t<\/div>\n\t\t","protected":false},"excerpt":{"rendered":"<p>JENIGBRE LA FUERZA DEL M\u00c1GICO SABOR PICANTE GRAN VARIEDAD DE PRODUCTOS DE JENGIBRE Los productos GINJER se distribuyen desde muchos a\u00f1os con mucho \u00e9xito en las farmacias y tiendas diet\u00e9ticas. A nivel mundial se conoce el jengibre y no solamente como especie para cocinar. El jengibre forma parte de los alimentos m\u00e1s sanos del mundo. [&hellip;]<\/p>\n","protected":false},"author":2,"featured_media":0,"parent":0,"menu_order":2,"comment_status":"closed","ping_status":"closed","template":"","meta":{"footnotes":""},"class_list":["post-4130","page","type-page","status-publish","hentry"],"_links":{"self":[{"href":"https:\/\/www.lemonpharma.com\/es\/wp-json\/wp\/v2\/pages\/4130","targetHints":{"allow":["GET"]}}],"collection":[{"href":"https:\/\/www.lemonpharma.com\/es\/wp-json\/wp\/v2\/pages"}],"about":[{"href":"https:\/\/www.lemonpharma.com\/es\/wp-json\/wp\/v2\/types\/page"}],"author":[{"embeddable":true,"href":"https:\/\/www.lemonpharma.com\/es\/wp-json\/wp\/v2\/users\/2"}],"replies":[{"embeddable":true,"href":"https:\/\/www.lemonpharma.com\/es\/wp-json\/wp\/v2\/comments?post=4130"}],"version-history":[{"count":11,"href":"https:\/\/www.lemonpharma.com\/es\/wp-json\/wp\/v2\/pages\/4130\/revisions"}],"predecessor-version":[{"id":8485,"href":"https:\/\/www.lemonpharma.com\/es\/wp-json\/wp\/v2\/pages\/4130\/revisions\/8485"}],"wp:attachment":[{"href":"https:\/\/www.lemonpharma.com\/es\/wp-json\/wp\/v2\/media?parent=4130"}],"curies":[{"name":"wp","href":"https:\/\/api.w.org\/{rel}","templated":true}]}}