{"id":4100,"date":"2020-11-13T16:54:29","date_gmt":"2020-11-13T15:54:29","guid":{"rendered":"https:\/\/b9p7q4m.myraidbox.de\/?page_id=4100"},"modified":"2020-11-16T15:25:42","modified_gmt":"2020-11-16T14:25:42","slug":"desarrollo-de-productos","status":"publish","type":"page","link":"https:\/\/www.lemonpharma.com\/es\/desarrollo-de-productos\/","title":{"rendered":"Desarrollo de productos"},"content":{"rendered":"\t\t<div data-elementor-type=\"wp-page\" data-elementor-id=\"4100\" class=\"elementor elementor-4100 elementor-32\" data-elementor-post-type=\"page\">\n\t\t\t\t\t\t<section class=\"elementor-section elementor-top-section elementor-element elementor-element-6fa32a2 elementor-section-height-min-height elementor-reverse-mobile elementor-section-boxed elementor-section-height-default elementor-section-items-middle\" data-id=\"6fa32a2\" data-element_type=\"section\" data-settings=\"{&quot;background_background&quot;:&quot;classic&quot;}\">\n\t\t\t\t\t\t<div class=\"elementor-container elementor-column-gap-default\">\n\t\t\t\t\t<div class=\"elementor-column elementor-col-33 elementor-top-column elementor-element elementor-element-2760a0e\" data-id=\"2760a0e\" data-element_type=\"column\">\n\t\t\t<div class=\"elementor-widget-wrap elementor-element-populated\">\n\t\t\t\t\t\t<div class=\"elementor-element elementor-element-6b25ce4 elementor-widget elementor-widget-heading\" data-id=\"6b25ce4\" data-element_type=\"widget\" data-widget_type=\"heading.default\">\n\t\t\t\t<div class=\"elementor-widget-container\">\n\t\t\t<style>\/*! elementor - v3.19.0 - 28-02-2024 *\/\n.elementor-heading-title{padding:0;margin:0;line-height:1}.elementor-widget-heading .elementor-heading-title[class*=elementor-size-]>a{color:inherit;font-size:inherit;line-height:inherit}.elementor-widget-heading .elementor-heading-title.elementor-size-small{font-size:15px}.elementor-widget-heading .elementor-heading-title.elementor-size-medium{font-size:19px}.elementor-widget-heading .elementor-heading-title.elementor-size-large{font-size:29px}.elementor-widget-heading .elementor-heading-title.elementor-size-xl{font-size:39px}.elementor-widget-heading .elementor-heading-title.elementor-size-xxl{font-size:59px}<\/style><h2 class=\"elementor-heading-title elementor-size-default\">DESARROLLO\nDE PRODUCTOS<\/h2>\t\t<\/div>\n\t\t\t\t<\/div>\n\t\t\t\t\t<\/div>\n\t\t<\/div>\n\t\t\t\t<div class=\"elementor-column elementor-col-33 elementor-top-column elementor-element elementor-element-adb82fc\" data-id=\"adb82fc\" data-element_type=\"column\">\n\t\t\t<div class=\"elementor-widget-wrap elementor-element-populated\">\n\t\t\t\t\t\t<div class=\"elementor-element elementor-element-a255b8c elementor-widget elementor-widget-image\" data-id=\"a255b8c\" data-element_type=\"widget\" data-widget_type=\"image.default\">\n\t\t\t\t<div class=\"elementor-widget-container\">\n\t\t\t<style>\/*! elementor - v3.19.0 - 28-02-2024 *\/\n.elementor-widget-image{text-align:center}.elementor-widget-image a{display:inline-block}.elementor-widget-image a img[src$=\".svg\"]{width:48px}.elementor-widget-image img{vertical-align:middle;display:inline-block}<\/style>\t\t\t\t\t\t\t\t\t\t<img fetchpriority=\"high\" decoding=\"async\" width=\"310\" height=\"362\" src=\"https:\/\/www.lemonpharma.com\/wp-content\/uploads\/2020\/06\/LemonLogo2.png\" class=\"attachment-large size-large wp-image-412\" alt=\"\" srcset=\"https:\/\/www.lemonpharma.com\/wp-content\/uploads\/2020\/06\/LemonLogo2.png 310w, https:\/\/www.lemonpharma.com\/wp-content\/uploads\/2020\/06\/LemonLogo2-257x300.png 257w\" sizes=\"(max-width: 310px) 100vw, 310px\">\t\t\t\t\t\t\t\t\t\t\t\t\t<\/div>\n\t\t\t\t<\/div>\n\t\t\t\t\t<\/div>\n\t\t<\/div>\n\t\t\t\t<div class=\"elementor-column elementor-col-33 elementor-top-column elementor-element elementor-element-d2ec0fb\" data-id=\"d2ec0fb\" data-element_type=\"column\">\n\t\t\t<div class=\"elementor-widget-wrap\">\n\t\t\t\t\t\t\t<\/div>\n\t\t<\/div>\n\t\t\t\t\t<\/div>\n\t\t<\/section>\n\t\t\t\t<section class=\"elementor-section elementor-top-section elementor-element elementor-element-390492d elementor-section-boxed elementor-section-height-default elementor-section-height-default\" data-id=\"390492d\" data-element_type=\"section\" data-settings=\"{&quot;background_background&quot;:&quot;classic&quot;}\">\n\t\t\t\t\t\t<div class=\"elementor-container elementor-column-gap-default\">\n\t\t\t\t\t<div class=\"elementor-column elementor-col-100 elementor-top-column elementor-element elementor-element-e6fadc0\" data-id=\"e6fadc0\" data-element_type=\"column\">\n\t\t\t<div class=\"elementor-widget-wrap elementor-element-populated\">\n\t\t\t\t\t\t<div class=\"elementor-element elementor-element-e87af06 elementor-widget elementor-widget-template\" data-id=\"e87af06\" data-element_type=\"widget\" data-widget_type=\"template.default\">\n\t\t\t\t<div class=\"elementor-widget-container\">\n\t\t\t\t\t<div class=\"elementor-template\">\n\t\t\t\t\t<div data-elementor-type=\"section\" data-elementor-id=\"4236\" class=\"elementor elementor-4236 elementor-1000\" data-elementor-post-type=\"elementor_library\">\n\t\t\t\t\t<section class=\"elementor-section elementor-top-section elementor-element elementor-element-24be9f65 elementor-section-boxed elementor-section-height-default elementor-section-height-default\" data-id=\"24be9f65\" data-element_type=\"section\" data-settings=\"{&quot;background_background&quot;:&quot;classic&quot;,&quot;sticky&quot;:&quot;top&quot;,&quot;sticky_on&quot;:[&quot;desktop&quot;],&quot;sticky_offset&quot;:0,&quot;sticky_effects_offset&quot;:0}\">\n\t\t\t\t\t\t<div class=\"elementor-container elementor-column-gap-default\">\n\t\t\t\t\t<div class=\"elementor-column elementor-col-16 elementor-top-column elementor-element elementor-element-2cb70a93\" data-id=\"2cb70a93\" data-element_type=\"column\">\n\t\t\t<div class=\"elementor-widget-wrap elementor-element-populated\">\n\t\t\t\t\t\t<div class=\"elementor-element elementor-element-71df9ed6 elementor-widget elementor-widget-image\" data-id=\"71df9ed6\" data-element_type=\"widget\" data-widget_type=\"image.default\">\n\t\t\t\t<div class=\"elementor-widget-container\">\n\t\t\t\t\t\t\t\t\t\t\t\t\t\t<a href=\"https:\/\/www.lemonpharma.com\/es\">\n\t\t\t\t\t\t\t<img decoding=\"async\" width=\"250\" height=\"250\" src=\"https:\/\/www.lemonpharma.com\/wp-content\/uploads\/2020\/11\/lp_logo_home.png\" class=\"elementor-animation-grow attachment-large size-large wp-image-668\" alt=\"\" srcset=\"https:\/\/www.lemonpharma.com\/wp-content\/uploads\/2020\/11\/lp_logo_home.png 250w, https:\/\/www.lemonpharma.com\/wp-content\/uploads\/2020\/11\/lp_logo_home-150x150.png 150w\" sizes=\"(max-width: 250px) 100vw, 250px\">\t\t\t\t\t\t\t\t<\/a>\n\t\t\t\t\t\t\t\t\t\t\t\t\t<\/div>\n\t\t\t\t<\/div>\n\t\t\t\t\t<\/div>\n\t\t<\/div>\n\t\t\t\t<div class=\"elementor-column elementor-col-16 elementor-top-column elementor-element elementor-element-3bffe04e\" data-id=\"3bffe04e\" data-element_type=\"column\">\n\t\t\t<div class=\"elementor-widget-wrap elementor-element-populated\">\n\t\t\t\t\t\t<div class=\"elementor-element elementor-element-156fdba6 elementor-widget elementor-widget-image\" data-id=\"156fdba6\" data-element_type=\"widget\" data-widget_type=\"image.default\">\n\t\t\t\t<div class=\"elementor-widget-container\">\n\t\t\t\t\t\t\t\t\t\t\t\t\t\t<a href=\"https:\/\/www.lemonpharma.com\/es\/flores-de-bach\/\">\n\t\t\t\t\t\t\t<img decoding=\"async\" width=\"500\" height=\"222\" src=\"https:\/\/www.lemonpharma.com\/wp-content\/uploads\/2020\/11\/BBlueten_Logo_Aufl03_DE_RZ_2.png\" class=\"elementor-animation-grow attachment-large size-large wp-image-544\" alt=\"\" srcset=\"https:\/\/www.lemonpharma.com\/wp-content\/uploads\/2020\/11\/BBlueten_Logo_Aufl03_DE_RZ_2.png 500w, https:\/\/www.lemonpharma.com\/wp-content\/uploads\/2020\/11\/BBlueten_Logo_Aufl03_DE_RZ_2-300x133.png 300w\" sizes=\"(max-width: 500px) 100vw, 500px\">\t\t\t\t\t\t\t\t<\/a>\n\t\t\t\t\t\t\t\t\t\t\t\t\t<\/div>\n\t\t\t\t<\/div>\n\t\t\t\t\t<\/div>\n\t\t<\/div>\n\t\t\t\t<div class=\"elementor-column elementor-col-16 elementor-top-column elementor-element elementor-element-18c37848\" data-id=\"18c37848\" data-element_type=\"column\">\n\t\t\t<div class=\"elementor-widget-wrap elementor-element-populated\">\n\t\t\t\t\t\t<div class=\"elementor-element elementor-element-29ba5317 elementor-widget elementor-widget-image\" data-id=\"29ba5317\" data-element_type=\"widget\" data-widget_type=\"image.default\">\n\t\t\t\t<div class=\"elementor-widget-container\">\n\t\t\t\t\t\t\t\t\t\t\t\t\t\t<a href=\"https:\/\/www.lemonpharma.com\/es\/apropolis\/\">\n\t\t\t\t\t\t\t<img loading=\"lazy\" decoding=\"async\" width=\"250\" height=\"90\" src=\"https:\/\/www.lemonpharma.com\/wp-content\/uploads\/2020\/11\/ginjer2.png\" class=\"elementor-animation-grow attachment-large size-large wp-image-658\" alt=\"\">\t\t\t\t\t\t\t\t<\/a>\n\t\t\t\t\t\t\t\t\t\t\t\t\t<\/div>\n\t\t\t\t<\/div>\n\t\t\t\t\t<\/div>\n\t\t<\/div>\n\t\t\t\t<div class=\"elementor-column elementor-col-16 elementor-top-column elementor-element elementor-element-7932e405\" data-id=\"7932e405\" data-element_type=\"column\">\n\t\t\t<div class=\"elementor-widget-wrap elementor-element-populated\">\n\t\t\t\t\t\t<div class=\"elementor-element elementor-element-37fac7e5 elementor-widget elementor-widget-image\" data-id=\"37fac7e5\" data-element_type=\"widget\" data-widget_type=\"image.default\">\n\t\t\t\t<div class=\"elementor-widget-container\">\n\t\t\t\t\t\t\t\t\t\t\t\t\t\t<a href=\"https:\/\/www.lemonpharma.com\/es\/apropolis\/\">\n\t\t\t\t\t\t\t<img loading=\"lazy\" decoding=\"async\" width=\"250\" height=\"90\" src=\"https:\/\/www.lemonpharma.com\/wp-content\/uploads\/2020\/11\/apropolis2.png\" class=\"elementor-animation-grow attachment-large size-large wp-image-700\" alt=\"\">\t\t\t\t\t\t\t\t<\/a>\n\t\t\t\t\t\t\t\t\t\t\t\t\t<\/div>\n\t\t\t\t<\/div>\n\t\t\t\t\t<\/div>\n\t\t<\/div>\n\t\t\t\t<div class=\"elementor-column elementor-col-16 elementor-top-column elementor-element elementor-element-3cd766e3\" data-id=\"3cd766e3\" data-element_type=\"column\">\n\t\t\t<div class=\"elementor-widget-wrap elementor-element-populated\">\n\t\t\t\t\t\t<div class=\"elementor-element elementor-element-5b21b665 elementor-widget elementor-widget-image\" data-id=\"5b21b665\" data-element_type=\"widget\" data-widget_type=\"image.default\">\n\t\t\t\t<div class=\"elementor-widget-container\">\n\t\t\t\t\t\t\t\t\t\t\t\t\t\t<a href=\"https:\/\/www.lemonpharma.com\/es\/cumacure\/\">\n\t\t\t\t\t\t\t<img decoding=\"async\" src=\"https:\/\/www.lemonpharma.com\/wp-content\/uploads\/2020\/11\/LEM_Cumacure_Logo_R_RZ-1.png\" title=\"\" alt=\"\" class=\"elementor-animation-grow\" loading=\"lazy\">\t\t\t\t\t\t\t\t<\/a>\n\t\t\t\t\t\t\t\t\t\t\t\t\t<\/div>\n\t\t\t\t<\/div>\n\t\t\t\t\t<\/div>\n\t\t<\/div>\n\t\t\t\t<div class=\"elementor-column elementor-col-16 elementor-top-column elementor-element elementor-element-456fdc02\" data-id=\"456fdc02\" data-element_type=\"column\">\n\t\t\t<div class=\"elementor-widget-wrap elementor-element-populated\">\n\t\t\t\t\t\t<div class=\"elementor-element elementor-element-6413d5d4 elementor-widget elementor-widget-image\" data-id=\"6413d5d4\" data-element_type=\"widget\" data-widget_type=\"image.default\">\n\t\t\t\t<div class=\"elementor-widget-container\">\n\t\t\t\t\t\t\t\t\t\t\t\t\t\t<a href=\"https:\/\/www.lemonpharma.com\/es\/estevia\/\">\n\t\t\t\t\t\t\t<img loading=\"lazy\" decoding=\"async\" width=\"250\" height=\"90\" src=\"https:\/\/www.lemonpharma.com\/wp-content\/uploads\/2020\/11\/steviagum2.png\" class=\"elementor-animation-grow attachment-large size-large wp-image-720\" alt=\"\">\t\t\t\t\t\t\t\t<\/a>\n\t\t\t\t\t\t\t\t\t\t\t\t\t<\/div>\n\t\t\t\t<\/div>\n\t\t\t\t\t<\/div>\n\t\t<\/div>\n\t\t\t\t\t<\/div>\n\t\t<\/section>\n\t\t\t\t<\/div>\n\t\t\t\t<\/div>\n\t\t\t\t<\/div>\n\t\t\t\t<\/div>\n\t\t\t\t\t<\/div>\n\t\t<\/div>\n\t\t\t\t\t<\/div>\n\t\t<\/section>\n\t\t\t\t<section class=\"elementor-section elementor-top-section elementor-element elementor-element-35cf74c3 elementor-section-boxed elementor-section-height-default elementor-section-height-default\" data-id=\"35cf74c3\" data-element_type=\"section\" data-settings=\"{&quot;background_background&quot;:&quot;classic&quot;}\">\n\t\t\t\t\t\t<div class=\"elementor-container elementor-column-gap-default\">\n\t\t\t\t\t<div class=\"elementor-column elementor-col-100 elementor-top-column elementor-element elementor-element-27933c\" data-id=\"27933c\" data-element_type=\"column\" data-settings=\"{&quot;background_background&quot;:&quot;classic&quot;}\">\n\t\t\t<div class=\"elementor-widget-wrap elementor-element-populated\">\n\t\t\t\t\t\t<div class=\"elementor-element elementor-element-1cd1312f elementor-widget elementor-widget-heading\" data-id=\"1cd1312f\" data-element_type=\"widget\" data-widget_type=\"heading.default\">\n\t\t\t\t<div class=\"elementor-widget-container\">\n\t\t\t<h2 class=\"elementor-heading-title elementor-size-default\">EST\u00c1NDARES DE CALIDAD Y SENTIDO DE LA RESPONSABILIDAD<\/h2>\t\t<\/div>\n\t\t\t\t<\/div>\n\t\t\t\t<section class=\"elementor-section elementor-inner-section elementor-element elementor-element-c81e035 elementor-section-boxed elementor-section-height-default elementor-section-height-default\" data-id=\"c81e035\" data-element_type=\"section\">\n\t\t\t\t\t\t<div class=\"elementor-container elementor-column-gap-default\">\n\t\t\t\t\t<div class=\"elementor-column elementor-col-50 elementor-inner-column elementor-element elementor-element-fb3e4fb\" data-id=\"fb3e4fb\" data-element_type=\"column\">\n\t\t\t<div class=\"elementor-widget-wrap elementor-element-populated\">\n\t\t\t\t\t\t<div class=\"elementor-element elementor-element-aab3f53 elementor-widget elementor-widget-text-editor\" data-id=\"aab3f53\" data-element_type=\"widget\" data-widget_type=\"text-editor.default\">\n\t\t\t\t<div class=\"elementor-widget-container\">\n\t\t\t<style>\/*! elementor - v3.19.0 - 28-02-2024 *\/\n.elementor-widget-text-editor.elementor-drop-cap-view-stacked .elementor-drop-cap{background-color:#69727d;color:#fff}.elementor-widget-text-editor.elementor-drop-cap-view-framed .elementor-drop-cap{color:#69727d;border:3px solid;background-color:transparent}.elementor-widget-text-editor:not(.elementor-drop-cap-view-default) .elementor-drop-cap{margin-top:8px}.elementor-widget-text-editor:not(.elementor-drop-cap-view-default) .elementor-drop-cap-letter{width:1em;height:1em}.elementor-widget-text-editor .elementor-drop-cap{float:left;text-align:center;line-height:1;font-size:50px}.elementor-widget-text-editor .elementor-drop-cap-letter{display:inline-block}<\/style>\t\t\t\t<p>Al desarrollar nuestros productos, en Lemon Pharma nos basamos en los conceptos de la medicina natural. Trabajamos muy de cerca con curanderos, natur\u00f3patas y farmac\u00e9uticos y apostamos por procesos delicados que garantizan en la mayor medida posible la extracci\u00f3n de los componentes activos, ya sea para despu\u00e9s producir un chicle o una gragea.<\/p><p>Todas las materias primas y sustancias empleadas han sido cuidadosamente seleccionadas y est\u00e1n sujetas a unos estrictos criterios de calidad. Para nuestros productos de flores de Bach, por ejemplo, recurrimos a los compuestos originales de Edward Bach en Inglaterra y seguimos al mil\u00edmetro el proceso de producci\u00f3n establecido por \u00e9l para entregar as\u00ed un producto fiel al original de la mejor calidad.<\/p><p>Para nosotros son primordiales la calidad y la fiabilidad, por lo que \u00fanicamente colaboramos con empresas de rigor y socios responsables tanto a nivel nacional como internacional.<\/p>\t\t\t\t\t\t<\/div>\n\t\t\t\t<\/div>\n\t\t\t\t\t<\/div>\n\t\t<\/div>\n\t\t\t\t<div class=\"elementor-column elementor-col-50 elementor-inner-column elementor-element elementor-element-bdc901d\" data-id=\"bdc901d\" data-element_type=\"column\">\n\t\t\t<div class=\"elementor-widget-wrap elementor-element-populated\">\n\t\t\t\t\t\t<div class=\"elementor-element elementor-element-627872e elementor-widget elementor-widget-image\" data-id=\"627872e\" data-element_type=\"widget\" data-widget_type=\"image.default\">\n\t\t\t\t<div class=\"elementor-widget-container\">\n\t\t\t\t\t\t\t\t\t\t\t\t\t<img loading=\"lazy\" decoding=\"async\" width=\"706\" height=\"1024\" src=\"https:\/\/www.lemonpharma.com\/wp-content\/uploads\/2020\/11\/iStock-171368246-768x1114-1-706x1024.jpg\" class=\"attachment-large size-large wp-image-892\" alt=\"\" srcset=\"https:\/\/www.lemonpharma.com\/wp-content\/uploads\/2020\/11\/iStock-171368246-768x1114-1-706x1024.jpg 706w, https:\/\/www.lemonpharma.com\/wp-content\/uploads\/2020\/11\/iStock-171368246-768x1114-1-207x300.jpg 207w, https:\/\/www.lemonpharma.com\/wp-content\/uploads\/2020\/11\/iStock-171368246-768x1114-1.jpg 768w\" sizes=\"(max-width: 706px) 100vw, 706px\">\t\t\t\t\t\t\t\t\t\t\t\t\t<\/div>\n\t\t\t\t<\/div>\n\t\t\t\t\t<\/div>\n\t\t<\/div>\n\t\t\t\t\t<\/div>\n\t\t<\/section>\n\t\t\t\t\t<\/div>\n\t\t<\/div>\n\t\t\t\t\t<\/div>\n\t\t<\/section>\n\t\t\t\t<\/div>\n\t\t","protected":false},"excerpt":{"rendered":"<p>DESARROLLO DE PRODUCTOS EST\u00c1NDARES DE CALIDAD Y SENTIDO DE LA RESPONSABILIDAD Al desarrollar nuestros productos, en Lemon Pharma nos basamos en los conceptos de la medicina natural. Trabajamos muy de cerca con curanderos, natur\u00f3patas y farmac\u00e9uticos y apostamos por procesos delicados que garantizan en la mayor medida posible la extracci\u00f3n de los componentes activos, ya [&hellip;]<\/p>\n","protected":false},"author":2,"featured_media":0,"parent":0,"menu_order":0,"comment_status":"closed","ping_status":"closed","template":"","meta":{"footnotes":""},"class_list":["post-4100","page","type-page","status-publish","hentry"],"_links":{"self":[{"href":"https:\/\/www.lemonpharma.com\/es\/wp-json\/wp\/v2\/pages\/4100","targetHints":{"allow":["GET"]}}],"collection":[{"href":"https:\/\/www.lemonpharma.com\/es\/wp-json\/wp\/v2\/pages"}],"about":[{"href":"https:\/\/www.lemonpharma.com\/es\/wp-json\/wp\/v2\/types\/page"}],"author":[{"embeddable":true,"href":"https:\/\/www.lemonpharma.com\/es\/wp-json\/wp\/v2\/users\/2"}],"replies":[{"embeddable":true,"href":"https:\/\/www.lemonpharma.com\/es\/wp-json\/wp\/v2\/comments?post=4100"}],"version-history":[{"count":5,"href":"https:\/\/www.lemonpharma.com\/es\/wp-json\/wp\/v2\/pages\/4100\/revisions"}],"predecessor-version":[{"id":4418,"href":"https:\/\/www.lemonpharma.com\/es\/wp-json\/wp\/v2\/pages\/4100\/revisions\/4418"}],"wp:attachment":[{"href":"https:\/\/www.lemonpharma.com\/es\/wp-json\/wp\/v2\/media?parent=4100"}],"curies":[{"name":"wp","href":"https:\/\/api.w.org\/{rel}","templated":true}]}}